{"id":4655,"date":"2025-08-15T14:26:55","date_gmt":"2025-08-15T17:26:55","guid":{"rendered":"https:\/\/hcrepresentations.com\/?post_type=product&#038;p=4655"},"modified":"2026-01-27T23:27:39","modified_gmt":"2026-01-28T02:27:39","slug":"gel-pink-3-1","status":"publish","type":"product","link":"https:\/\/hcrepresentations.com\/pt\/produto\/gel-pink-3-1\/","title":{"rendered":"Gel Pink 3 em 1 - 28g"},"content":{"rendered":"","protected":false},"excerpt":{"rendered":"<p>Gel Pink 3 em 1 para Unhas - 28g<\/p>\n<p>O Gel Pink 3 em 1 de 28g \u00e9 o produto ideal para as Designers de Unhas que buscam qualidade e versatilidade em seus trabalhos. Com a tecnologia 3X1, este gel construtor possui viscosidade m\u00e9dia e pode ser utilizado desde a capa base at\u00e9 o ponto de tens\u00e3o, sem abrir a curvatura das unhas. Al\u00e9m disso, n\u00e3o libera calor excessivo durante a aplica\u00e7\u00e3o, proporcionando conforto para seus clientes.<\/p>","protected":false},"featured_media":4490,"comment_status":"closed","ping_status":"closed","template":"","meta":[],"product_brand":[],"product_cat":[142],"product_tag":[],"class_list":{"0":"post-4655","1":"product","2":"type-product","3":"status-publish","4":"has-post-thumbnail","6":"product_cat-humma","8":"first","9":"instock","10":"taxable","11":"shipping-taxable","12":"purchasable","13":"product-type-simple"},"_links":{"self":[{"href":"https:\/\/hcrepresentations.com\/pt\/wp-json\/wp\/v2\/product\/4655","targetHints":{"allow":["GET"]}}],"collection":[{"href":"https:\/\/hcrepresentations.com\/pt\/wp-json\/wp\/v2\/product"}],"about":[{"href":"https:\/\/hcrepresentations.com\/pt\/wp-json\/wp\/v2\/types\/product"}],"replies":[{"embeddable":true,"href":"https:\/\/hcrepresentations.com\/pt\/wp-json\/wp\/v2\/comments?post=4655"}],"wp:featuredmedia":[{"embeddable":true,"href":"https:\/\/hcrepresentations.com\/pt\/wp-json\/wp\/v2\/media\/4490"}],"wp:attachment":[{"href":"https:\/\/hcrepresentations.com\/pt\/wp-json\/wp\/v2\/media?parent=4655"}],"wp:term":[{"taxonomy":"product_brand","embeddable":true,"href":"https:\/\/hcrepresentations.com\/pt\/wp-json\/wp\/v2\/product_brand?post=4655"},{"taxonomy":"product_cat","embeddable":true,"href":"https:\/\/hcrepresentations.com\/pt\/wp-json\/wp\/v2\/product_cat?post=4655"},{"taxonomy":"product_tag","embeddable":true,"href":"https:\/\/hcrepresentations.com\/pt\/wp-json\/wp\/v2\/product_tag?post=4655"}],"curies":[{"name":"wp","href":"https:\/\/api.w.org\/{rel}","templated":true}]}}