{"id":4706,"date":"2025-10-31T15:00:29","date_gmt":"2025-10-31T18:00:29","guid":{"rendered":"https:\/\/hcrepresentations.com\/?post_type=product&#038;p=4706"},"modified":"2026-04-15T10:05:48","modified_gmt":"2026-04-15T13:05:48","slug":"gel-construtor-universal-bege-30g","status":"publish","type":"product","link":"https:\/\/hcrepresentations.com\/pt\/produto\/gel-construtor-universal-bege-30g\/","title":{"rendered":"Gel Construtor Universal Bege 30g"},"content":{"rendered":"","protected":false},"excerpt":{"rendered":"<p>Bluwe 30g<br \/>\n O Gel Construtor Universal Bege Bluwe \u00e9 um gel para unhas com uma formula\u00e7\u00e3o inovadora<br \/>\n desenvolvida dentro de nossos laborat\u00f3rios. Utilizamos mat\u00e9rias primas de alta qualidade que resultam<br \/>\n em um produto que funciona perfeitamente em qualquer tipo de unha natural e \u00e9 autonivelante.<br \/>\n Por possuir a Tecnologia Curvatura Smart, este gel preserva a mem\u00f3ria de curvatura por longo per\u00edodo<br \/>\n de tempo. Al\u00e9m disso, o Gel Construtor proporciona alta durabilidade e resist\u00eancia.<br \/>\n Para que serve o Gel Construtor?<br \/>\n Ele \u00e9 indicado para ser utilizado em todas as etapas: capa base para unhas normais, extens\u00e3o e ponto<br \/>\n de tens\u00e3o.<br \/>\n Diferenciais:<br \/>\n Formula\u00e7\u00e3o inovadora;<br \/>\n Mat\u00e9rias-primas de alta qualidade e tecnologia;<br \/>\n Possui Tecnologia Curvatura Smart, que garante que a curvatura de sua unha n\u00e3o \"abra\";<br \/>\n Perfeito para construir a Estrutura Naturalidade;<br \/>\n Alta resist\u00eancia;<br \/>\n Alta durabilidade;<br \/>\n Autonivelante - nivelado, mas n\u00e3o escorre;<br \/>\n Viscosidade ideal;<br \/>\n Pode ser utilizado em todas as etapas;<br \/>\n Baixo aquecimento.<br \/>\n COR: Universal Bege - Nude leitoso com subtom neutro.<\/p>","protected":false},"featured_media":4772,"comment_status":"closed","ping_status":"closed","template":"","meta":[],"product_brand":[],"product_cat":[98],"product_tag":[],"class_list":{"0":"post-4706","1":"product","2":"type-product","3":"status-publish","4":"has-post-thumbnail","6":"product_cat-bluwe","8":"first","9":"instock","10":"taxable","11":"shipping-taxable","12":"purchasable","13":"product-type-simple"},"_links":{"self":[{"href":"https:\/\/hcrepresentations.com\/pt\/wp-json\/wp\/v2\/product\/4706","targetHints":{"allow":["GET"]}}],"collection":[{"href":"https:\/\/hcrepresentations.com\/pt\/wp-json\/wp\/v2\/product"}],"about":[{"href":"https:\/\/hcrepresentations.com\/pt\/wp-json\/wp\/v2\/types\/product"}],"replies":[{"embeddable":true,"href":"https:\/\/hcrepresentations.com\/pt\/wp-json\/wp\/v2\/comments?post=4706"}],"wp:featuredmedia":[{"embeddable":true,"href":"https:\/\/hcrepresentations.com\/pt\/wp-json\/wp\/v2\/media\/4772"}],"wp:attachment":[{"href":"https:\/\/hcrepresentations.com\/pt\/wp-json\/wp\/v2\/media?parent=4706"}],"wp:term":[{"taxonomy":"product_brand","embeddable":true,"href":"https:\/\/hcrepresentations.com\/pt\/wp-json\/wp\/v2\/product_brand?post=4706"},{"taxonomy":"product_cat","embeddable":true,"href":"https:\/\/hcrepresentations.com\/pt\/wp-json\/wp\/v2\/product_cat?post=4706"},{"taxonomy":"product_tag","embeddable":true,"href":"https:\/\/hcrepresentations.com\/pt\/wp-json\/wp\/v2\/product_tag?post=4706"}],"curies":[{"name":"wp","href":"https:\/\/api.w.org\/{rel}","templated":true}]}}