{"id":4707,"date":"2025-10-31T15:00:29","date_gmt":"2025-10-31T18:00:29","guid":{"rendered":"https:\/\/hcrepresentations.com\/?post_type=product&#038;p=4707"},"modified":"2026-04-03T19:17:39","modified_gmt":"2026-04-03T22:17:39","slug":"top-coat-shine-lunar-11ml","status":"publish","type":"product","link":"https:\/\/hcrepresentations.com\/pt\/produto\/top-coat-shine-lunar-11ml\/","title":{"rendered":"Top Coat Shine Lunar 11ml"},"content":{"rendered":"","protected":false},"excerpt":{"rendered":"<p>Bluwe 11ml<br \/>\n O Top Coat Shine Lunar possui brilhos multicoloridos e possui uma f\u00f3rmula inovadora. Com materiais<br \/>\n primas da melhor qualidade, promove brilho intenso e possui caracter\u00edsticas ideais para aplicar sem<br \/>\n escorrer.<br \/>\n Para que serve o Top Coat Shine Lunar?<br \/>\n Com composi\u00e7\u00e3o super flex\u00edvel, brilho e aspecto siliconado, tem alt\u00edssima flexibilidade para finalizar<br \/>\n qualquer tipo de procedimento, inclusive blindagens.<br \/>\n Quando usar o Top Coat Shine Lunar?<br \/>\n Ele \u00e9 perfeito para utilizar na finaliza\u00e7\u00e3o de qualquer tipo de procedimento, incluindo blindagens.<br \/>\n Diferenciais:<br \/>\n Brilhante;<br \/>\n Aspecto siliconado;<br \/>\n Cor mais intensa e uniforme;<br \/>\n Viscosidade ideal para aplicar sem escorrer;<br \/>\n Alta flexibilidade;<br \/>\n Formula\u00e7\u00e3o inovadora;<br \/>\n Possui mat\u00e9rias-primas de alta qualidade e tecnologia.<\/p>","protected":false},"featured_media":4774,"comment_status":"closed","ping_status":"closed","template":"","meta":[],"product_brand":[],"product_cat":[98],"product_tag":[],"class_list":{"0":"post-4707","1":"product","2":"type-product","3":"status-publish","4":"has-post-thumbnail","6":"product_cat-bluwe","8":"first","9":"instock","10":"taxable","11":"shipping-taxable","12":"purchasable","13":"product-type-simple"},"_links":{"self":[{"href":"https:\/\/hcrepresentations.com\/pt\/wp-json\/wp\/v2\/product\/4707","targetHints":{"allow":["GET"]}}],"collection":[{"href":"https:\/\/hcrepresentations.com\/pt\/wp-json\/wp\/v2\/product"}],"about":[{"href":"https:\/\/hcrepresentations.com\/pt\/wp-json\/wp\/v2\/types\/product"}],"replies":[{"embeddable":true,"href":"https:\/\/hcrepresentations.com\/pt\/wp-json\/wp\/v2\/comments?post=4707"}],"wp:featuredmedia":[{"embeddable":true,"href":"https:\/\/hcrepresentations.com\/pt\/wp-json\/wp\/v2\/media\/4774"}],"wp:attachment":[{"href":"https:\/\/hcrepresentations.com\/pt\/wp-json\/wp\/v2\/media?parent=4707"}],"wp:term":[{"taxonomy":"product_brand","embeddable":true,"href":"https:\/\/hcrepresentations.com\/pt\/wp-json\/wp\/v2\/product_brand?post=4707"},{"taxonomy":"product_cat","embeddable":true,"href":"https:\/\/hcrepresentations.com\/pt\/wp-json\/wp\/v2\/product_cat?post=4707"},{"taxonomy":"product_tag","embeddable":true,"href":"https:\/\/hcrepresentations.com\/pt\/wp-json\/wp\/v2\/product_tag?post=4707"}],"curies":[{"name":"wp","href":"https:\/\/api.w.org\/{rel}","templated":true}]}}