{"id":4709,"date":"2025-10-31T15:00:29","date_gmt":"2025-10-31T18:00:29","guid":{"rendered":"https:\/\/hcrepresentations.com\/?post_type=product&#038;p=4709"},"modified":"2025-12-02T21:28:09","modified_gmt":"2025-12-03T00:28:09","slug":"base-estrutural-super-clear-11ml","status":"publish","type":"product","link":"https:\/\/hcrepresentations.com\/pt\/produto\/base-estrutural-super-clear-11ml\/","title":{"rendered":"Base Estrutural Super Clear 11ml"},"content":{"rendered":"","protected":false},"excerpt":{"rendered":"<p>Bluwe 11ml<br \/>\n O Gel Base Estrutural Super Clear foi desenvolvido em nosso laborat\u00f3rio e cont\u00e9m materiais primas de<br \/>\n alta qualidade. Ele \u00e9 perfeito para fazer blindagens estruturadas em unhas muito flex\u00edveis, oferecendo<br \/>\n resist\u00eancia e durabilidade.<br \/>\n Com o Gel Base Estrutural e uma boa t\u00e9cnica voc\u00ea ter\u00e1 \u00f3timos resultados e retornos, fidelizando seu<br \/>\n cliente e agregando valor ao seu trabalho.<br \/>\n Para que serve o Gel Base Estrutural?<br \/>\n O Gel Base Estrutural \u00e9 o famoso gel no \"frasco\" e \u00e9 indicado para blindagens estruturadas,<br \/>\n principalmente quando a unha do cliente \u00e9 muito flex\u00edvel.<br \/>\n Quando usar uma Base Estrutural?<br \/>\n Ela pode ser usada em blindagens estruturadas e na constru\u00e7\u00e3o de um alongamento, desde a capa base<br \/>\n em unhas normais ao ponto de tens\u00e3o, inclusive fixa\u00e7\u00e3o da curvatura e selagem da fibra.<br \/>\n Diferenciais:<br \/>\n Formula\u00e7\u00e3o inovadora;<br \/>\n Possui materiais prim\u00e1rios de alta qualidade e tecnologia;<br \/>\n Viscosidade perfeita para todos os tipos de procedimentos;<br \/>\n Perfeito para unhas flex\u00edveis;<br \/>\n O melhor para blindagens estruturadas;<br \/>\n Oferece transpar\u00eancia total sem amarelo.<\/p>","protected":false},"featured_media":4778,"comment_status":"closed","ping_status":"closed","template":"","meta":[],"product_brand":[],"product_cat":[98],"product_tag":[],"class_list":{"0":"post-4709","1":"product","2":"type-product","3":"status-publish","4":"has-post-thumbnail","6":"product_cat-bluwe","8":"first","9":"instock","10":"taxable","11":"shipping-taxable","12":"purchasable","13":"product-type-simple"},"_links":{"self":[{"href":"https:\/\/hcrepresentations.com\/pt\/wp-json\/wp\/v2\/product\/4709","targetHints":{"allow":["GET"]}}],"collection":[{"href":"https:\/\/hcrepresentations.com\/pt\/wp-json\/wp\/v2\/product"}],"about":[{"href":"https:\/\/hcrepresentations.com\/pt\/wp-json\/wp\/v2\/types\/product"}],"replies":[{"embeddable":true,"href":"https:\/\/hcrepresentations.com\/pt\/wp-json\/wp\/v2\/comments?post=4709"}],"wp:featuredmedia":[{"embeddable":true,"href":"https:\/\/hcrepresentations.com\/pt\/wp-json\/wp\/v2\/media\/4778"}],"wp:attachment":[{"href":"https:\/\/hcrepresentations.com\/pt\/wp-json\/wp\/v2\/media?parent=4709"}],"wp:term":[{"taxonomy":"product_brand","embeddable":true,"href":"https:\/\/hcrepresentations.com\/pt\/wp-json\/wp\/v2\/product_brand?post=4709"},{"taxonomy":"product_cat","embeddable":true,"href":"https:\/\/hcrepresentations.com\/pt\/wp-json\/wp\/v2\/product_cat?post=4709"},{"taxonomy":"product_tag","embeddable":true,"href":"https:\/\/hcrepresentations.com\/pt\/wp-json\/wp\/v2\/product_tag?post=4709"}],"curies":[{"name":"wp","href":"https:\/\/api.w.org\/{rel}","templated":true}]}}