{"id":4711,"date":"2025-10-31T15:00:29","date_gmt":"2025-10-31T18:00:29","guid":{"rendered":"https:\/\/hcrepresentations.com\/?post_type=product&#038;p=4711"},"modified":"2025-10-31T16:57:26","modified_gmt":"2025-10-31T19:57:26","slug":"top-coat-camuflagem-natural-pink-11ml","status":"publish","type":"product","link":"https:\/\/hcrepresentations.com\/pt\/produto\/top-coat-camuflagem-natural-pink-11ml\/","title":{"rendered":"Top Coat Camuflagem Natural Pink 11ml"},"content":{"rendered":"","protected":false},"excerpt":{"rendered":"<p>Bluwe 11ml<br \/>\n O Top Coat Camuflagem Natural Pink \u00e9 um top coat desenvolvido dentro de nossos laborat\u00f3rios. Com<br \/>\n sua formula\u00e7\u00e3o inovadora, promove brilho e colora\u00e7\u00e3o mais intensa, garantindo unhas com um tom mais<br \/>\n uniforme e sem manchas.<br \/>\n Se as unhas de seu cliente tiverem manchas, esse top coat \u00e9 o produto certo!<br \/>\n Para que serve o Top Coat Camuflagem?<br \/>\n Indicado para finalizar qualquer tipo de procedimento, ele pode ser usado para camuflar manchas nas<br \/>\n unhas e adicionar uma cor mais uniforme sobre o Gel Construtor, que costuma ser mais transl\u00facido.<br \/>\n Quando usar o Top Coat Camuflagem?<br \/>\n Usado para finalizar qualquer tipo de procedimento, ele garante um acabamento com muito brilho e um<br \/>\n tom mais uniforme, camuflando manchas.<br \/>\n Diferenciais:<br \/>\n Perfeito para camuflar manchas;<br \/>\n Cor mais intensa e uniforme;<br \/>\n Brilhante;<br \/>\n Viscosidade ideal para aplicar sem escorrer;<br \/>\n Alta flexibilidade;<br \/>\n Formula\u00e7\u00e3o inovadora;<br \/>\n Possui materiais prim\u00e1rios de alta qualidade e tecnologia.<br \/>\n COR: Natural Pink - Tonalidade natural com subtom levemente rosado.<\/p>","protected":false},"featured_media":4782,"comment_status":"closed","ping_status":"closed","template":"","meta":[],"product_brand":[],"product_cat":[98],"product_tag":[],"class_list":{"0":"post-4711","1":"product","2":"type-product","3":"status-publish","4":"has-post-thumbnail","6":"product_cat-bluwe","8":"first","9":"instock","10":"taxable","11":"shipping-taxable","12":"purchasable","13":"product-type-simple"},"_links":{"self":[{"href":"https:\/\/hcrepresentations.com\/pt\/wp-json\/wp\/v2\/product\/4711","targetHints":{"allow":["GET"]}}],"collection":[{"href":"https:\/\/hcrepresentations.com\/pt\/wp-json\/wp\/v2\/product"}],"about":[{"href":"https:\/\/hcrepresentations.com\/pt\/wp-json\/wp\/v2\/types\/product"}],"replies":[{"embeddable":true,"href":"https:\/\/hcrepresentations.com\/pt\/wp-json\/wp\/v2\/comments?post=4711"}],"wp:featuredmedia":[{"embeddable":true,"href":"https:\/\/hcrepresentations.com\/pt\/wp-json\/wp\/v2\/media\/4782"}],"wp:attachment":[{"href":"https:\/\/hcrepresentations.com\/pt\/wp-json\/wp\/v2\/media?parent=4711"}],"wp:term":[{"taxonomy":"product_brand","embeddable":true,"href":"https:\/\/hcrepresentations.com\/pt\/wp-json\/wp\/v2\/product_brand?post=4711"},{"taxonomy":"product_cat","embeddable":true,"href":"https:\/\/hcrepresentations.com\/pt\/wp-json\/wp\/v2\/product_cat?post=4711"},{"taxonomy":"product_tag","embeddable":true,"href":"https:\/\/hcrepresentations.com\/pt\/wp-json\/wp\/v2\/product_tag?post=4711"}],"curies":[{"name":"wp","href":"https:\/\/api.w.org\/{rel}","templated":true}]}}