{"id":4729,"date":"2025-10-31T15:00:35","date_gmt":"2025-10-31T18:00:35","guid":{"rendered":"https:\/\/hcrepresentations.com\/?post_type=product&#038;p=4729"},"modified":"2026-04-12T15:29:16","modified_gmt":"2026-04-12T18:29:16","slug":"oleo-hidratante-cutinutri-30ml","status":"publish","type":"product","link":"https:\/\/hcrepresentations.com\/pt\/produto\/oleo-hidratante-cutinutri-30ml\/","title":{"rendered":"\u00d3leo Hidratante Cutinutri 30ml"},"content":{"rendered":"","protected":false},"excerpt":{"rendered":"<p>O CutiNutri \u00e9 um \u00f3leo de cut\u00edculas de alto desempenho, criado para oferecer nutri\u00e7\u00e3o, hidrata\u00e7\u00e3o e<br \/>\n prote\u00e7\u00e3o para suas m\u00e3os por completo.<br \/>\n Para que serve o CutiNutri?<br \/>\n Com sua f\u00f3rmula inovadora e mat\u00e9rias primas de alta qualidade, previne o envelhecimento precoce,<br \/>\n clareia e uniformiza a pele, fortalece as unhas e melhora a elasticidade da pele.<br \/>\n Quando usar o CutiNutri?<br \/>\n O \u00f3leo de cut\u00edculas da Bluwe \u00e9 perfeito para ser utilizado em qualquer momento do dia e \u00e9 compat\u00edvel<br \/>\n com todos os tipos de pele.<br \/>\n Ele \u00e9 realmente um produto de cuidados com a pele para as m\u00e3os que deveria estar em sua mesa, bolsa e banheiro.<br \/>\n Os resultados imediatos e a longo prazo s\u00e3o surpreendentes, ent\u00e3o, seja em procedimentos de unhas<br \/>\n gel ou como um tratamento de skincare, ele \u00e9 super recomendado.<\/p>","protected":false},"featured_media":4817,"comment_status":"closed","ping_status":"closed","template":"","meta":[],"product_brand":[],"product_cat":[98],"product_tag":[],"class_list":{"0":"post-4729","1":"product","2":"type-product","3":"status-publish","4":"has-post-thumbnail","6":"product_cat-bluwe","8":"first","9":"instock","10":"taxable","11":"shipping-taxable","12":"purchasable","13":"product-type-simple"},"_links":{"self":[{"href":"https:\/\/hcrepresentations.com\/pt\/wp-json\/wp\/v2\/product\/4729","targetHints":{"allow":["GET"]}}],"collection":[{"href":"https:\/\/hcrepresentations.com\/pt\/wp-json\/wp\/v2\/product"}],"about":[{"href":"https:\/\/hcrepresentations.com\/pt\/wp-json\/wp\/v2\/types\/product"}],"replies":[{"embeddable":true,"href":"https:\/\/hcrepresentations.com\/pt\/wp-json\/wp\/v2\/comments?post=4729"}],"wp:featuredmedia":[{"embeddable":true,"href":"https:\/\/hcrepresentations.com\/pt\/wp-json\/wp\/v2\/media\/4817"}],"wp:attachment":[{"href":"https:\/\/hcrepresentations.com\/pt\/wp-json\/wp\/v2\/media?parent=4729"}],"wp:term":[{"taxonomy":"product_brand","embeddable":true,"href":"https:\/\/hcrepresentations.com\/pt\/wp-json\/wp\/v2\/product_brand?post=4729"},{"taxonomy":"product_cat","embeddable":true,"href":"https:\/\/hcrepresentations.com\/pt\/wp-json\/wp\/v2\/product_cat?post=4729"},{"taxonomy":"product_tag","embeddable":true,"href":"https:\/\/hcrepresentations.com\/pt\/wp-json\/wp\/v2\/product_tag?post=4729"}],"curies":[{"name":"wp","href":"https:\/\/api.w.org\/{rel}","templated":true}]}}