{"id":4730,"date":"2025-10-31T15:00:35","date_gmt":"2025-10-31T18:00:35","guid":{"rendered":"https:\/\/hcrepresentations.com\/?post_type=product&#038;p=4730"},"modified":"2025-10-31T17:00:38","modified_gmt":"2025-10-31T20:00:38","slug":"acelerador-de-catalisacao-fastblu-personalize-1-1-ml","status":"publish","type":"product","link":"https:\/\/hcrepresentations.com\/pt\/produto\/acelerador-de-catalisacao-fastblu-personalize-1-1-ml\/","title":{"rendered":"Acelerador de Catalisa\u00e7\u00e3o FastBlu"},"content":{"rendered":"","protected":false},"excerpt":{"rendered":"<p>O FastBlu, antigo FastCure, \u00e9 o primeiro produto que acelera a cataliza\u00e7\u00e3o do seu produto em gel. Com<br \/>\n formula\u00e7\u00e3o inovadora e exclusiva, ele se destaca e proporciona para a Nail Designer a possibilidade de<br \/>\n personalizar seus produtos da maneira que preferir.<br \/>\n \u00c9 a personaliza\u00e7\u00e3o e versatilidade na palma de sua m\u00e3o.<br \/>\n Para que serve o FastBlu?<br \/>\n O FastBlu funciona como um acelerador de cataliza\u00e7\u00e3o de gel de unha e top coats, trazendo agilidade<br \/>\n para o seu procedimento.<\/p>","protected":false},"featured_media":4819,"comment_status":"closed","ping_status":"closed","template":"","meta":[],"product_brand":[],"product_cat":[98],"product_tag":[],"class_list":{"0":"post-4730","1":"product","2":"type-product","3":"status-publish","4":"has-post-thumbnail","6":"product_cat-bluwe","8":"first","9":"instock","10":"taxable","11":"shipping-taxable","12":"purchasable","13":"product-type-simple"},"_links":{"self":[{"href":"https:\/\/hcrepresentations.com\/pt\/wp-json\/wp\/v2\/product\/4730","targetHints":{"allow":["GET"]}}],"collection":[{"href":"https:\/\/hcrepresentations.com\/pt\/wp-json\/wp\/v2\/product"}],"about":[{"href":"https:\/\/hcrepresentations.com\/pt\/wp-json\/wp\/v2\/types\/product"}],"replies":[{"embeddable":true,"href":"https:\/\/hcrepresentations.com\/pt\/wp-json\/wp\/v2\/comments?post=4730"}],"wp:featuredmedia":[{"embeddable":true,"href":"https:\/\/hcrepresentations.com\/pt\/wp-json\/wp\/v2\/media\/4819"}],"wp:attachment":[{"href":"https:\/\/hcrepresentations.com\/pt\/wp-json\/wp\/v2\/media?parent=4730"}],"wp:term":[{"taxonomy":"product_brand","embeddable":true,"href":"https:\/\/hcrepresentations.com\/pt\/wp-json\/wp\/v2\/product_brand?post=4730"},{"taxonomy":"product_cat","embeddable":true,"href":"https:\/\/hcrepresentations.com\/pt\/wp-json\/wp\/v2\/product_cat?post=4730"},{"taxonomy":"product_tag","embeddable":true,"href":"https:\/\/hcrepresentations.com\/pt\/wp-json\/wp\/v2\/product_tag?post=4730"}],"curies":[{"name":"wp","href":"https:\/\/api.w.org\/{rel}","templated":true}]}}