{"id":4995,"date":"2025-11-12T23:15:28","date_gmt":"2025-11-13T02:15:28","guid":{"rendered":"https:\/\/hcrepresentations.com\/?post_type=product&#038;p=4995"},"modified":"2025-12-28T22:11:52","modified_gmt":"2025-12-29T01:11:52","slug":"gel-classic-clear-blister-24g","status":"publish","type":"product","link":"https:\/\/hcrepresentations.com\/pt\/produto\/gel-classic-clear-blister-24g\/","title":{"rendered":"Gel Classic Clear - Blister 24g"},"content":{"rendered":"","protected":false},"excerpt":{"rendered":"<p>O Gel Classic Clear V\u00f3lia \u00e9 um gel construtor, vers\u00e1til<br \/>\ne autonivelante para constru\u00e7\u00e3o de unhas de fibra,<br \/>\nmolde, dicas, entre outros. Pode ser utilizado em todo<br \/>\no alongamento, inclusive na etapa de pr\u00e9 curvatura e<br \/>\nponto de tens\u00e3o. Sua formula\u00e7\u00e3o oferece uma secagem<br \/>\nr\u00e1pida, proporcionando estruturas de maior rigidez e<br \/>\nresultados perfeitos. Possui transpar\u00eancia perfeita para<br \/>\nencapsulamentos e outras decora\u00e7\u00f5es. <\/p>","protected":false},"featured_media":4876,"comment_status":"closed","ping_status":"closed","template":"","meta":[],"product_brand":[],"product_cat":[100],"product_tag":[],"class_list":{"0":"post-4995","1":"product","2":"type-product","3":"status-publish","4":"has-post-thumbnail","6":"product_cat-volia","8":"first","9":"instock","10":"taxable","11":"shipping-taxable","12":"purchasable","13":"product-type-simple"},"_links":{"self":[{"href":"https:\/\/hcrepresentations.com\/pt\/wp-json\/wp\/v2\/product\/4995","targetHints":{"allow":["GET"]}}],"collection":[{"href":"https:\/\/hcrepresentations.com\/pt\/wp-json\/wp\/v2\/product"}],"about":[{"href":"https:\/\/hcrepresentations.com\/pt\/wp-json\/wp\/v2\/types\/product"}],"replies":[{"embeddable":true,"href":"https:\/\/hcrepresentations.com\/pt\/wp-json\/wp\/v2\/comments?post=4995"}],"wp:featuredmedia":[{"embeddable":true,"href":"https:\/\/hcrepresentations.com\/pt\/wp-json\/wp\/v2\/media\/4876"}],"wp:attachment":[{"href":"https:\/\/hcrepresentations.com\/pt\/wp-json\/wp\/v2\/media?parent=4995"}],"wp:term":[{"taxonomy":"product_brand","embeddable":true,"href":"https:\/\/hcrepresentations.com\/pt\/wp-json\/wp\/v2\/product_brand?post=4995"},{"taxonomy":"product_cat","embeddable":true,"href":"https:\/\/hcrepresentations.com\/pt\/wp-json\/wp\/v2\/product_cat?post=4995"},{"taxonomy":"product_tag","embeddable":true,"href":"https:\/\/hcrepresentations.com\/pt\/wp-json\/wp\/v2\/product_tag?post=4995"}],"curies":[{"name":"wp","href":"https:\/\/api.w.org\/{rel}","templated":true}]}}