{"id":4997,"date":"2025-11-12T23:15:28","date_gmt":"2025-11-13T02:15:28","guid":{"rendered":"https:\/\/hcrepresentations.com\/?post_type=product&#038;p=4997"},"modified":"2026-04-12T15:29:16","modified_gmt":"2026-04-12T18:29:16","slug":"gel-hybrid-cover-blister-24g","status":"publish","type":"product","link":"https:\/\/hcrepresentations.com\/pt\/produto\/gel-hybrid-cover-blister-24g\/","title":{"rendered":"Gel Hybrid Cover Blister 24g"},"content":{"rendered":"","protected":false},"excerpt":{"rendered":"<p>O gel Hybrid V\u00f3lia \u00e9 o primeiro gel 2 em 1 do Brasil: dois<br \/>\nviscosidades em um \u00fanico produto - est\u00e1tica ou fluida<br \/>\n- para voc\u00ea dominar qualquer t\u00e9cnica! Por que<br \/>\nvoc\u00ea vai amar: -F\u00f3rmula exclusiva desenvolvida do zero<br \/>\npara moldes - n\u00e3o escorre gra\u00e7as \u00e0 tecnologia tixotr\u00f3pica<br \/>\n-Versatilidade total: ideal tamb\u00e9m para qualquer tipo de<br \/>\nalongamento -Textura \u00fanica e leve -Controle a viscosidade:<br \/>\nDeixe parado e tenha a viscosidade original (est\u00e1tica)<br \/>\nMexa no pote e ele fica mais leve (fluido) -FastCure<br \/>\nTecnologia: prote\u00e7\u00e3o ultrarr\u00e1pida, perfeita para lanternas<br \/>\nUV, reduzindo o tempo de mesa e sem amarelamentos.<\/p>","protected":false},"featured_media":4882,"comment_status":"closed","ping_status":"closed","template":"","meta":[],"product_brand":[],"product_cat":[100],"product_tag":[],"class_list":{"0":"post-4997","1":"product","2":"type-product","3":"status-publish","4":"has-post-thumbnail","6":"product_cat-volia","8":"first","9":"instock","10":"taxable","11":"shipping-taxable","12":"purchasable","13":"product-type-simple"},"_links":{"self":[{"href":"https:\/\/hcrepresentations.com\/pt\/wp-json\/wp\/v2\/product\/4997","targetHints":{"allow":["GET"]}}],"collection":[{"href":"https:\/\/hcrepresentations.com\/pt\/wp-json\/wp\/v2\/product"}],"about":[{"href":"https:\/\/hcrepresentations.com\/pt\/wp-json\/wp\/v2\/types\/product"}],"replies":[{"embeddable":true,"href":"https:\/\/hcrepresentations.com\/pt\/wp-json\/wp\/v2\/comments?post=4997"}],"wp:featuredmedia":[{"embeddable":true,"href":"https:\/\/hcrepresentations.com\/pt\/wp-json\/wp\/v2\/media\/4882"}],"wp:attachment":[{"href":"https:\/\/hcrepresentations.com\/pt\/wp-json\/wp\/v2\/media?parent=4997"}],"wp:term":[{"taxonomy":"product_brand","embeddable":true,"href":"https:\/\/hcrepresentations.com\/pt\/wp-json\/wp\/v2\/product_brand?post=4997"},{"taxonomy":"product_cat","embeddable":true,"href":"https:\/\/hcrepresentations.com\/pt\/wp-json\/wp\/v2\/product_cat?post=4997"},{"taxonomy":"product_tag","embeddable":true,"href":"https:\/\/hcrepresentations.com\/pt\/wp-json\/wp\/v2\/product_tag?post=4997"}],"curies":[{"name":"wp","href":"https:\/\/api.w.org\/{rel}","templated":true}]}}