{"id":5000,"date":"2025-11-12T23:15:28","date_gmt":"2025-11-13T02:15:28","guid":{"rendered":"https:\/\/hcrepresentations.com\/?post_type=product&#038;p=5000"},"modified":"2025-11-13T06:57:02","modified_gmt":"2025-11-13T09:57:02","slug":"gel-diamond-glitter-sunshine-sache-14g","status":"publish","type":"product","link":"https:\/\/hcrepresentations.com\/pt\/produto\/gel-diamond-glitter-sunshine-sache-14g\/","title":{"rendered":"Gel Diamante Glitter Sunshine - Sach\u00ea 14g"},"content":{"rendered":"","protected":false},"excerpt":{"rendered":"<p>O Gel Diamond Glitter Sunshine V\u00e0lia \u00e9 um gel construtor<br \/>\nindicado para todos os tipos de alongamento. Com<br \/>\nviscosidade autonivelante e tecnologia est\u00e1tica, de<br \/>\ndensidade garante maior controle durante a aplica\u00e7\u00e3o.<br \/>\nPossui colora\u00e7\u00e3o rosada e part\u00edculas de glitter<br \/>\nfurta-cor.USO PROFISSIONAL<br \/>\nCom um pincel, retirar uma pequena quantidade do produto<br \/>\ne aplicar sobre as unhas, espalhando e moldando conforme<br \/>\ndesejado. Em cada camada, secar na cabine LED (120s) ou<br \/>\nUV (240s). <\/p>","protected":false},"featured_media":5026,"comment_status":"closed","ping_status":"closed","template":"","meta":[],"product_brand":[],"product_cat":[100],"product_tag":[],"class_list":{"0":"post-5000","1":"product","2":"type-product","3":"status-publish","4":"has-post-thumbnail","6":"product_cat-volia","8":"first","9":"instock","10":"taxable","11":"shipping-taxable","12":"purchasable","13":"product-type-simple"},"_links":{"self":[{"href":"https:\/\/hcrepresentations.com\/pt\/wp-json\/wp\/v2\/product\/5000","targetHints":{"allow":["GET"]}}],"collection":[{"href":"https:\/\/hcrepresentations.com\/pt\/wp-json\/wp\/v2\/product"}],"about":[{"href":"https:\/\/hcrepresentations.com\/pt\/wp-json\/wp\/v2\/types\/product"}],"replies":[{"embeddable":true,"href":"https:\/\/hcrepresentations.com\/pt\/wp-json\/wp\/v2\/comments?post=5000"}],"wp:featuredmedia":[{"embeddable":true,"href":"https:\/\/hcrepresentations.com\/pt\/wp-json\/wp\/v2\/media\/5026"}],"wp:attachment":[{"href":"https:\/\/hcrepresentations.com\/pt\/wp-json\/wp\/v2\/media?parent=5000"}],"wp:term":[{"taxonomy":"product_brand","embeddable":true,"href":"https:\/\/hcrepresentations.com\/pt\/wp-json\/wp\/v2\/product_brand?post=5000"},{"taxonomy":"product_cat","embeddable":true,"href":"https:\/\/hcrepresentations.com\/pt\/wp-json\/wp\/v2\/product_cat?post=5000"},{"taxonomy":"product_tag","embeddable":true,"href":"https:\/\/hcrepresentations.com\/pt\/wp-json\/wp\/v2\/product_tag?post=5000"}],"curies":[{"name":"wp","href":"https:\/\/api.w.org\/{rel}","templated":true}]}}