{"id":5001,"date":"2025-11-12T23:15:28","date_gmt":"2025-11-13T02:15:28","guid":{"rendered":"https:\/\/hcrepresentations.com\/?post_type=product&#038;p=5001"},"modified":"2026-03-23T00:24:15","modified_gmt":"2026-03-23T03:24:15","slug":"gel-classic-nude-blister-24g","status":"publish","type":"product","link":"https:\/\/hcrepresentations.com\/pt\/produto\/gel-classic-nude-blister-24g\/","title":{"rendered":"Gel Classic Nude Blister 24g"},"content":{"rendered":"","protected":false},"excerpt":{"rendered":"<p>O Gel Classic Nude V\u00e0lia \u00e9 um gel construtor, vers\u00e1til<br \/>\ne autonivelante para constru\u00e7\u00e3o de unhas de fibra,<br \/>\nmolde, dicas, entre outros. Pode ser utilizado em todo o<br \/>\nalongamento, inclusive na etapa de pr\u00e9 curvatura e ponto<br \/>\nde tens\u00e3o. Sua formula\u00e7\u00e3o oferece uma secagem r\u00e1pida,<br \/>\nproporcionando estruturas de maior rigidez e resultados<br \/>\nperfeitos. Possui colora\u00e7\u00e3o nude, ideal para efeitos de<br \/>\nbabyboomer e resultados naturais. <\/p>","protected":false},"featured_media":4887,"comment_status":"closed","ping_status":"closed","template":"","meta":[],"product_brand":[],"product_cat":[100],"product_tag":[],"class_list":{"0":"post-5001","1":"product","2":"type-product","3":"status-publish","4":"has-post-thumbnail","6":"product_cat-volia","8":"first","9":"instock","10":"taxable","11":"shipping-taxable","12":"purchasable","13":"product-type-simple"},"_links":{"self":[{"href":"https:\/\/hcrepresentations.com\/pt\/wp-json\/wp\/v2\/product\/5001","targetHints":{"allow":["GET"]}}],"collection":[{"href":"https:\/\/hcrepresentations.com\/pt\/wp-json\/wp\/v2\/product"}],"about":[{"href":"https:\/\/hcrepresentations.com\/pt\/wp-json\/wp\/v2\/types\/product"}],"replies":[{"embeddable":true,"href":"https:\/\/hcrepresentations.com\/pt\/wp-json\/wp\/v2\/comments?post=5001"}],"wp:featuredmedia":[{"embeddable":true,"href":"https:\/\/hcrepresentations.com\/pt\/wp-json\/wp\/v2\/media\/4887"}],"wp:attachment":[{"href":"https:\/\/hcrepresentations.com\/pt\/wp-json\/wp\/v2\/media?parent=5001"}],"wp:term":[{"taxonomy":"product_brand","embeddable":true,"href":"https:\/\/hcrepresentations.com\/pt\/wp-json\/wp\/v2\/product_brand?post=5001"},{"taxonomy":"product_cat","embeddable":true,"href":"https:\/\/hcrepresentations.com\/pt\/wp-json\/wp\/v2\/product_cat?post=5001"},{"taxonomy":"product_tag","embeddable":true,"href":"https:\/\/hcrepresentations.com\/pt\/wp-json\/wp\/v2\/product_tag?post=5001"}],"curies":[{"name":"wp","href":"https:\/\/api.w.org\/{rel}","templated":true}]}}