{"id":5004,"date":"2025-11-12T23:15:29","date_gmt":"2025-11-13T02:15:29","guid":{"rendered":"https:\/\/hcrepresentations.com\/?post_type=product&#038;p=5004"},"modified":"2025-11-27T20:27:03","modified_gmt":"2025-11-27T23:27:03","slug":"4-de-4-kit-bluwe-glam-fine","status":"publish","type":"product","link":"https:\/\/hcrepresentations.com\/pt\/produto\/4-de-4-kit-bluwe-glam-fine\/","title":{"rendered":"4\/ de 4 Kit Bluwe Glam Fine"},"content":{"rendered":"","protected":false},"excerpt":{"rendered":"<p>Glam Fine - Kit com 4 n\u00facleos de esmalte<br \/>\nO Glam Fine \u00e9 um kit composto por 4 esmaltes em gel<br \/>\n(Navy Shine, Off Shine, Blush Shine e Bord\u00f4 Shine), cada um<br \/>\ncom 9 ml, que contam com a intensidade, a delicadeza e a<br \/>\nexclusividade dos brilhos para atender a todos os estilos.<br \/>\nEle \u00e9 ideal para fazer sucesso em datas comemorativas,<br \/>\nespecialmente nas festas de fim de ano. Com cobertura<br \/>\nlisa e uniforme, os esmaltes em gel s\u00e3o op\u00e7\u00f5es dispon\u00edveis<br \/>\npara um designer de unhas fidelizar ainda mais clientes em<br \/>\nmesa.<br \/>\nModo de uso<br \/>\nAplique o produto para finalizar seu procedimento e<br \/>\ncatalise sob a luz UV de 60 a 120 segundos (a depender da<br \/>\ncabine utilizada).<\/p>","protected":false},"featured_media":4891,"comment_status":"closed","ping_status":"closed","template":"","meta":[],"product_brand":[],"product_cat":[98],"product_tag":[],"class_list":{"0":"post-5004","1":"product","2":"type-product","3":"status-publish","4":"has-post-thumbnail","6":"product_cat-bluwe","8":"first","9":"instock","10":"taxable","11":"shipping-taxable","12":"purchasable","13":"product-type-simple"},"_links":{"self":[{"href":"https:\/\/hcrepresentations.com\/pt\/wp-json\/wp\/v2\/product\/5004","targetHints":{"allow":["GET"]}}],"collection":[{"href":"https:\/\/hcrepresentations.com\/pt\/wp-json\/wp\/v2\/product"}],"about":[{"href":"https:\/\/hcrepresentations.com\/pt\/wp-json\/wp\/v2\/types\/product"}],"replies":[{"embeddable":true,"href":"https:\/\/hcrepresentations.com\/pt\/wp-json\/wp\/v2\/comments?post=5004"}],"wp:featuredmedia":[{"embeddable":true,"href":"https:\/\/hcrepresentations.com\/pt\/wp-json\/wp\/v2\/media\/4891"}],"wp:attachment":[{"href":"https:\/\/hcrepresentations.com\/pt\/wp-json\/wp\/v2\/media?parent=5004"}],"wp:term":[{"taxonomy":"product_brand","embeddable":true,"href":"https:\/\/hcrepresentations.com\/pt\/wp-json\/wp\/v2\/product_brand?post=5004"},{"taxonomy":"product_cat","embeddable":true,"href":"https:\/\/hcrepresentations.com\/pt\/wp-json\/wp\/v2\/product_cat?post=5004"},{"taxonomy":"product_tag","embeddable":true,"href":"https:\/\/hcrepresentations.com\/pt\/wp-json\/wp\/v2\/product_tag?post=5004"}],"curies":[{"name":"wp","href":"https:\/\/api.w.org\/{rel}","templated":true}]}}