{"id":5005,"date":"2025-11-12T23:15:29","date_gmt":"2025-11-13T02:15:29","guid":{"rendered":"https:\/\/hcrepresentations.com\/?post_type=product&#038;p=5005"},"modified":"2025-11-13T06:57:10","modified_gmt":"2025-11-13T09:57:10","slug":"kit-bluwe-glitterblu","status":"publish","type":"product","link":"https:\/\/hcrepresentations.com\/pt\/produto\/kit-bluwe-glitterblu\/","title":{"rendered":"Kit Bluwe GlitterBlu"},"content":{"rendered":"","protected":false},"excerpt":{"rendered":"<p>GlitterBlu - Kit com 8 glitters <\/p>\n<p>O GlitterBlu Bluwe \u00e9 um produto inovador que permite a criatividade sem limites dos designers de unhas. A<br \/>\nLinha Personalize, o brilho \u00e9 a possibilidade de criar misturinhas em mesa com a seguran\u00e7a da Bluwe e<br \/>\nO kit cont\u00e9m 8 potes de brilho de 0,5 g cada.<br \/>\nQuando misturado junto ao Gel Personalize , o produto ganha consist\u00eancia firme, mas leve, com cores<br \/>\nfortes, autonomia da unha em mesa e atribui mais valor \u00e0 profiss\u00e3o. O Kit GlitterBlu \u00e9 composto por 8<br \/>\nbrilhos de 0,5 g cada:<br \/>\nN\u00e9ctar , com predomin\u00e2ncia das cores verde e dourada;<br \/>\nEss\u00eancia, com predomin\u00e2ncia da cor prata;<br \/>\nInfus\u00e3o , com predomin\u00e2ncia das cores laranja, roxo e verde;<br \/>\nN\u00e9voa , com predomin\u00e2ncia das cores branca e prata;<br \/>\nFavo , com predomin\u00e2ncia das cores branco, verde e laranja;<br \/>\nP\u00f3len , com predomin\u00e2ncia da cor champagne;<br \/>\nAura , com predomin\u00e2ncia da cor rosa;<br \/>\nElixir , com predomin\u00e2ncia multicolorida.<br \/>\nO GlitterBlu deve ser utilizado exclusivamente com os demais produtos da Linha Personalize.<br \/>\nModo de uso<br \/>\nAplique a quantidade desejada de brilho exclusivamente noGel Personalize Bluwe. Misture at\u00e9 obter uma<br \/>\ntextura homog\u00eanea e aplique o Gel sobre as unhas preparadas. Reduza o tempo de polimeriza\u00e7\u00e3o do Gel. <\/p>","protected":false},"featured_media":5029,"comment_status":"closed","ping_status":"closed","template":"","meta":[],"product_brand":[],"product_cat":[98],"product_tag":[],"class_list":{"0":"post-5005","1":"product","2":"type-product","3":"status-publish","4":"has-post-thumbnail","6":"product_cat-bluwe","8":"first","9":"instock","10":"taxable","11":"shipping-taxable","12":"purchasable","13":"product-type-simple"},"_links":{"self":[{"href":"https:\/\/hcrepresentations.com\/pt\/wp-json\/wp\/v2\/product\/5005","targetHints":{"allow":["GET"]}}],"collection":[{"href":"https:\/\/hcrepresentations.com\/pt\/wp-json\/wp\/v2\/product"}],"about":[{"href":"https:\/\/hcrepresentations.com\/pt\/wp-json\/wp\/v2\/types\/product"}],"replies":[{"embeddable":true,"href":"https:\/\/hcrepresentations.com\/pt\/wp-json\/wp\/v2\/comments?post=5005"}],"wp:featuredmedia":[{"embeddable":true,"href":"https:\/\/hcrepresentations.com\/pt\/wp-json\/wp\/v2\/media\/5029"}],"wp:attachment":[{"href":"https:\/\/hcrepresentations.com\/pt\/wp-json\/wp\/v2\/media?parent=5005"}],"wp:term":[{"taxonomy":"product_brand","embeddable":true,"href":"https:\/\/hcrepresentations.com\/pt\/wp-json\/wp\/v2\/product_brand?post=5005"},{"taxonomy":"product_cat","embeddable":true,"href":"https:\/\/hcrepresentations.com\/pt\/wp-json\/wp\/v2\/product_cat?post=5005"},{"taxonomy":"product_tag","embeddable":true,"href":"https:\/\/hcrepresentations.com\/pt\/wp-json\/wp\/v2\/product_tag?post=5005"}],"curies":[{"name":"wp","href":"https:\/\/api.w.org\/{rel}","templated":true}]}}