{"id":5007,"date":"2025-11-12T23:15:29","date_gmt":"2025-11-13T02:15:29","guid":{"rendered":"https:\/\/hcrepresentations.com\/?post_type=product&#038;p=5007"},"modified":"2025-11-13T06:57:10","modified_gmt":"2025-11-13T09:57:10","slug":"gel-personalize-10g","status":"publish","type":"product","link":"https:\/\/hcrepresentations.com\/pt\/produto\/gel-personalize-10g\/","title":{"rendered":"Gel Personalize 10g"},"content":{"rendered":"","protected":false},"excerpt":{"rendered":"<p>O Gel Personalize 10 g Bluwe \u00e9 um produto altamente<br \/>\nresistente, aut\u00f4nomo e se adapta com facilidade a<br \/>\ntodos os tipos de unhas naturais com sua consist\u00eancia<br \/>\nfirme, mas leve.<br \/>\nA f\u00f3rmula inovadora do Gel Personalize \u00e9 alta em<br \/>\nviscosidade, durabilidade e qualidade. Seu grande<br \/>\nO diferencial \u00e9 ele ser transparente, o que garante a<br \/>\npossibilidade de personalizar o Gel de Unha Bluwe \u00fanica<br \/>\ne exclusivamente com n\u00facleos e outros produtos da Linha<br \/>\nPersonalize o Bluwe.<br \/>\nAssim, \u00e9 poss\u00edvel transformar o Gel de Unha conforme a<br \/>\nnecessidade e a prefer\u00eancia de cores desejadas em mesa.<br \/>\nEssa possibilidade d\u00e1 mais autonomia para as unhas<br \/>\ndesigners e atribui mais valor \u00e0 profiss\u00e3o.<br \/>\nFa\u00e7a a prepara\u00e7\u00e3o f\u00edsica e qu\u00edmica da unha natural. Em<br \/>\nEm seguida, aplique uma camada do produto moldando-o<br \/>\ncomo desejar. Polimerize sob luz UV por 120 segundos. <\/p>","protected":false},"featured_media":4896,"comment_status":"closed","ping_status":"closed","template":"","meta":[],"product_brand":[],"product_cat":[98],"product_tag":[],"class_list":{"0":"post-5007","1":"product","2":"type-product","3":"status-publish","4":"has-post-thumbnail","6":"product_cat-bluwe","8":"first","9":"instock","10":"taxable","11":"shipping-taxable","12":"purchasable","13":"product-type-simple"},"_links":{"self":[{"href":"https:\/\/hcrepresentations.com\/pt\/wp-json\/wp\/v2\/product\/5007","targetHints":{"allow":["GET"]}}],"collection":[{"href":"https:\/\/hcrepresentations.com\/pt\/wp-json\/wp\/v2\/product"}],"about":[{"href":"https:\/\/hcrepresentations.com\/pt\/wp-json\/wp\/v2\/types\/product"}],"replies":[{"embeddable":true,"href":"https:\/\/hcrepresentations.com\/pt\/wp-json\/wp\/v2\/comments?post=5007"}],"wp:featuredmedia":[{"embeddable":true,"href":"https:\/\/hcrepresentations.com\/pt\/wp-json\/wp\/v2\/media\/4896"}],"wp:attachment":[{"href":"https:\/\/hcrepresentations.com\/pt\/wp-json\/wp\/v2\/media?parent=5007"}],"wp:term":[{"taxonomy":"product_brand","embeddable":true,"href":"https:\/\/hcrepresentations.com\/pt\/wp-json\/wp\/v2\/product_brand?post=5007"},{"taxonomy":"product_cat","embeddable":true,"href":"https:\/\/hcrepresentations.com\/pt\/wp-json\/wp\/v2\/product_cat?post=5007"},{"taxonomy":"product_tag","embeddable":true,"href":"https:\/\/hcrepresentations.com\/pt\/wp-json\/wp\/v2\/product_tag?post=5007"}],"curies":[{"name":"wp","href":"https:\/\/api.w.org\/{rel}","templated":true}]}}