{"id":5008,"date":"2025-11-12T23:15:29","date_gmt":"2025-11-13T02:15:29","guid":{"rendered":"https:\/\/hcrepresentations.com\/?post_type=product&#038;p=5008"},"modified":"2026-01-13T17:48:24","modified_gmt":"2026-01-13T20:48:24","slug":"kit-bluwe-glam-bold","status":"publish","type":"product","link":"https:\/\/hcrepresentations.com\/pt\/produto\/kit-bluwe-glam-bold\/","title":{"rendered":"Kit Bluwe Glam Bold"},"content":{"rendered":"","protected":false},"excerpt":{"rendered":"<p>Glam Bold - Kit com 4 n\u00facleos de esmalte<br \/>\nO Glam Bold \u00e9 um kit composto por 4 esmaltes em gel<br \/>\n(Golden Shine, Silver Shine, Champagne Shine e Ros\u00e9<br \/>\nShine), cada um com 9 ml, que contam com a intensidade e<br \/>\na exclusividade dos brilhos para atender a todos os estilos.<br \/>\nEle \u00e9 ideal para fazer sucesso em datas comemorativas,<br \/>\nespecialmente nas festas de fim de ano. Com cobertura<br \/>\nlisa e uniforme, os esmaltes em gel s\u00e3o op\u00e7\u00f5es dispon\u00edveis<br \/>\npara um designer de unhas fidelizar ainda mais clientes em<br \/>\nmesa. <\/p>","protected":false},"featured_media":4900,"comment_status":"closed","ping_status":"closed","template":"","meta":[],"product_brand":[],"product_cat":[98],"product_tag":[],"class_list":{"0":"post-5008","1":"product","2":"type-product","3":"status-publish","4":"has-post-thumbnail","6":"product_cat-bluwe","8":"first","9":"instock","10":"taxable","11":"shipping-taxable","12":"purchasable","13":"product-type-simple"},"_links":{"self":[{"href":"https:\/\/hcrepresentations.com\/pt\/wp-json\/wp\/v2\/product\/5008","targetHints":{"allow":["GET"]}}],"collection":[{"href":"https:\/\/hcrepresentations.com\/pt\/wp-json\/wp\/v2\/product"}],"about":[{"href":"https:\/\/hcrepresentations.com\/pt\/wp-json\/wp\/v2\/types\/product"}],"replies":[{"embeddable":true,"href":"https:\/\/hcrepresentations.com\/pt\/wp-json\/wp\/v2\/comments?post=5008"}],"wp:featuredmedia":[{"embeddable":true,"href":"https:\/\/hcrepresentations.com\/pt\/wp-json\/wp\/v2\/media\/4900"}],"wp:attachment":[{"href":"https:\/\/hcrepresentations.com\/pt\/wp-json\/wp\/v2\/media?parent=5008"}],"wp:term":[{"taxonomy":"product_brand","embeddable":true,"href":"https:\/\/hcrepresentations.com\/pt\/wp-json\/wp\/v2\/product_brand?post=5008"},{"taxonomy":"product_cat","embeddable":true,"href":"https:\/\/hcrepresentations.com\/pt\/wp-json\/wp\/v2\/product_cat?post=5008"},{"taxonomy":"product_tag","embeddable":true,"href":"https:\/\/hcrepresentations.com\/pt\/wp-json\/wp\/v2\/product_tag?post=5008"}],"curies":[{"name":"wp","href":"https:\/\/api.w.org\/{rel}","templated":true}]}}