{"id":5009,"date":"2025-11-12T23:15:29","date_gmt":"2025-11-13T02:15:29","guid":{"rendered":"https:\/\/hcrepresentations.com\/?post_type=product&#038;p=5009"},"modified":"2025-11-13T06:57:19","modified_gmt":"2025-11-13T09:57:19","slug":"profix-natural-12ml-nails-21","status":"publish","type":"product","link":"https:\/\/hcrepresentations.com\/pt\/produto\/profix-natural-12ml-nails-21\/","title":{"rendered":"Profix Natural 12Ml - Nails 21"},"content":{"rendered":"","protected":false},"excerpt":{"rendered":"<p>Mais do que um gel, ele \u00e9 uma revolu\u00e7\u00e3o para sua mesa de trabalho.<br \/>\nJ\u00e1 imaginou pegar a unha, alongar e dar estrutura, tudo com o mesmo produto? Isso \u00e9 PROFIX. Este<br \/>\nproduto une Capa Base e Gel de Constru\u00e7\u00e3o em um s\u00f3 produto. Com o pincel incorporado, voc\u00ea ganha<br \/>\nagilidade em mesa e controle total.<br \/>\nDispon\u00edvel em 12ml<br \/>\nFI, Fibra, Molde, Banho de gel, Pode tudo!<br \/>\nO PROFIX \u00e9 um gel com encaixe molecular otimizado, que se adapta como uma segunda l\u00e2mina.<br \/>\nTem alta ader\u00eancia, resist\u00eancia m\u00e1xima e uma aplica\u00e7\u00e3o simplificada.<br \/>\nGarante a Curvatura C firme, est\u00e1vel e segura do come\u00e7o ao fim - at\u00e9 em formatos mais longos!<br \/>\nTem baixo aquecimento, e a inovadora tecnologia Smart Tone; uma mem\u00f3ria de tom perfeita ap\u00f3s<br \/>\ncatalisar\u00e3o e polimento, que respeita, valoriza e uniformiza a naturalidade da unha natural, e sem<br \/>\nmanchar.<br \/>\nO PROFIX \u00e9 inteligente. \u00c9 \u00e1gil. \u00c9 forte.<br \/>\nPrepare-se para se apaixonar pelo desempenho... e pelos resultados.<br \/>\nPROFIX, mais uma inova\u00e7\u00e3o pioneira e exclusiva Nails 21 .<br \/>\nVoc\u00ea merece o futuro do gel em suas m\u00e3os para obter resultados profissionais de excel\u00eancia. <\/p>","protected":false},"featured_media":4905,"comment_status":"closed","ping_status":"closed","template":"","meta":[],"product_brand":[],"product_cat":[132],"product_tag":[],"class_list":{"0":"post-5009","1":"product","2":"type-product","3":"status-publish","4":"has-post-thumbnail","6":"product_cat-nails-21","8":"first","9":"instock","10":"taxable","11":"shipping-taxable","12":"purchasable","13":"product-type-simple"},"_links":{"self":[{"href":"https:\/\/hcrepresentations.com\/pt\/wp-json\/wp\/v2\/product\/5009","targetHints":{"allow":["GET"]}}],"collection":[{"href":"https:\/\/hcrepresentations.com\/pt\/wp-json\/wp\/v2\/product"}],"about":[{"href":"https:\/\/hcrepresentations.com\/pt\/wp-json\/wp\/v2\/types\/product"}],"replies":[{"embeddable":true,"href":"https:\/\/hcrepresentations.com\/pt\/wp-json\/wp\/v2\/comments?post=5009"}],"wp:featuredmedia":[{"embeddable":true,"href":"https:\/\/hcrepresentations.com\/pt\/wp-json\/wp\/v2\/media\/4905"}],"wp:attachment":[{"href":"https:\/\/hcrepresentations.com\/pt\/wp-json\/wp\/v2\/media?parent=5009"}],"wp:term":[{"taxonomy":"product_brand","embeddable":true,"href":"https:\/\/hcrepresentations.com\/pt\/wp-json\/wp\/v2\/product_brand?post=5009"},{"taxonomy":"product_cat","embeddable":true,"href":"https:\/\/hcrepresentations.com\/pt\/wp-json\/wp\/v2\/product_cat?post=5009"},{"taxonomy":"product_tag","embeddable":true,"href":"https:\/\/hcrepresentations.com\/pt\/wp-json\/wp\/v2\/product_tag?post=5009"}],"curies":[{"name":"wp","href":"https:\/\/api.w.org\/{rel}","templated":true}]}}