{"id":5048,"date":"2025-11-18T13:41:12","date_gmt":"2025-11-18T16:41:12","guid":{"rendered":"https:\/\/hcrepresentations.com\/?post_type=product&#038;p=5048"},"modified":"2026-03-06T17:01:52","modified_gmt":"2026-03-06T20:01:52","slug":"prep-anylovy-500ml-refil-profissional-economia-e-praticidade","status":"publish","type":"product","link":"https:\/\/hcrepresentations.com\/pt\/produto\/prep-anylovy-500ml-refil-profissional-economia-e-praticidade\/","title":{"rendered":"Prep Anylovy 500ml Refil Profissional Economia e Praticidade"},"content":{"rendered":"","protected":false},"excerpt":{"rendered":"<p style=\"margin: 0in;font-family: Calibri;font-size: 11.0pt\">O Prep Anylovy Spray Anti-bactericida \u00e9 ideal para garantir higiene e prote\u00e7\u00e3o das unhas antes de<\/p>\n<p style=\"margin: 0in;font-family: Calibri;font-size: 11.0pt\">qualquer procedimento.<\/p>\n<p style=\"margin: 0in;font-family: Calibri;font-size: 11.0pt\">O Prep Anylovy 500ml \u00e9 a solu\u00e7\u00e3o inteligente para quem busca mais economia e efici\u00eancia no Nail<\/p>\n<p style=\"margin: 0in;font-family: Calibri;font-size: 11.0pt\">Design.<\/p>\n<p style=\"margin: 0in;font-family: Calibri;font-size: 11.0pt\">Com f\u00f3rmula antibacteriana, ele remove res\u00edduos de oleosidade e impurezas, preparando a superf\u00edcie da unha para melhor ader\u00eancia de g\u00e9is, esmaltes e outros produtos.<\/p>\n<p style=\"margin: 0in;font-family: Calibri;font-size: 11.0pt\">Abaste\u00e7a o frasco spray de 120ml e tenha uma aplica\u00e7\u00e3o r\u00e1pida, uniforme e pr\u00e1tica.<\/p>\n<p style=\"margin: 0in;font-family: Calibri;font-size: 11.0pt\">Perfeito para profissionais de unhas e cuidados pessoais, o Prep Anylovy assegura que suas unhas<\/p>\n<p style=\"margin: 0in;font-family: Calibri;font-size: 11.0pt\">estejam sempre limpas e preparadas para alongamentos e esmalta\u00e7\u00f5es.<\/p>\n<p style=\"margin: 0in;font-family: Calibri;font-size: 11.0pt\">Benef\u00edcios que encantam:<\/p>\n<p style=\"margin: 0in;font-family: Calibri;font-size: 11.0pt\">Mais economia em sua mesa de trabalho<\/p>\n<p style=\"margin: 0in;font-family: Calibri;font-size: 11.0pt\">\u00d4 F\u00f3rmula antibacteriana para m\u00e1xima higiene<\/p>\n<p style=\"margin: 0in;font-family: Calibri;font-size: 11.0pt\">O Pr\u00e1tico de reabastecer e reduzir desperd\u00edcios<\/p>\n<p style=\"margin: 0in;font-family: Calibri;font-size: 11.0pt\">O Agilidade no atendimento e prepara\u00e7\u00e3o das unhas<\/p>\n<p style=\"margin: 0in;font-family: Calibri;font-size: 11.0pt\">Ajuda a prevenir descolamentos e garante fixa\u00e7\u00e3o prolongada<\/p>\n<p style=\"margin: 0in;font-family: Calibri;font-size: 11.0pt\">Feito para voc\u00ea que quer unir efici\u00eancia, qualidade e economia no cuidado das unhas.<\/p>","protected":false},"featured_media":5049,"comment_status":"open","ping_status":"closed","template":"","meta":[],"product_brand":[],"product_cat":[138],"product_tag":[],"class_list":{"0":"post-5048","1":"product","2":"type-product","3":"status-publish","4":"has-post-thumbnail","6":"product_cat-anylovy","8":"first","9":"instock","10":"sale","11":"taxable","12":"shipping-taxable","13":"purchasable","14":"product-type-simple"},"_links":{"self":[{"href":"https:\/\/hcrepresentations.com\/pt\/wp-json\/wp\/v2\/product\/5048","targetHints":{"allow":["GET"]}}],"collection":[{"href":"https:\/\/hcrepresentations.com\/pt\/wp-json\/wp\/v2\/product"}],"about":[{"href":"https:\/\/hcrepresentations.com\/pt\/wp-json\/wp\/v2\/types\/product"}],"replies":[{"embeddable":true,"href":"https:\/\/hcrepresentations.com\/pt\/wp-json\/wp\/v2\/comments?post=5048"}],"wp:featuredmedia":[{"embeddable":true,"href":"https:\/\/hcrepresentations.com\/pt\/wp-json\/wp\/v2\/media\/5049"}],"wp:attachment":[{"href":"https:\/\/hcrepresentations.com\/pt\/wp-json\/wp\/v2\/media?parent=5048"}],"wp:term":[{"taxonomy":"product_brand","embeddable":true,"href":"https:\/\/hcrepresentations.com\/pt\/wp-json\/wp\/v2\/product_brand?post=5048"},{"taxonomy":"product_cat","embeddable":true,"href":"https:\/\/hcrepresentations.com\/pt\/wp-json\/wp\/v2\/product_cat?post=5048"},{"taxonomy":"product_tag","embeddable":true,"href":"https:\/\/hcrepresentations.com\/pt\/wp-json\/wp\/v2\/product_tag?post=5048"}],"curies":[{"name":"wp","href":"https:\/\/api.w.org\/{rel}","templated":true}]}}