{"id":5105,"date":"2025-12-09T16:52:05","date_gmt":"2025-12-09T19:52:05","guid":{"rendered":"https:\/\/hcrepresentations.com\/?post_type=product&#038;p=5105"},"modified":"2025-12-09T16:52:52","modified_gmt":"2025-12-09T19:52:52","slug":"kit-cat-eye-collection","status":"publish","type":"product","link":"https:\/\/hcrepresentations.com\/pt\/produto\/kit-cat-eye-collection\/","title":{"rendered":"Cole\u00e7\u00e3o Kit Cat Eye"},"content":{"rendered":"","protected":false},"excerpt":{"rendered":"<div style=\"direction: ltr; border-width: 100%;\">\n<div style=\"direction: ltr; margin-top: 0in; margin-left: 0in; width: 3.7555in;\">\n<div style=\"direction: ltr; margin-top: 0in; margin-left: 0in; width: 3.7555in;\">\n<p style=\"margin: 0in; font-family: Calibri; font-size: 11.0pt;\">O Cat Eye Bluwe \u00e9 um esmalte em gel (9 ml) com efeito magn\u00e9tico que vem em um Kit com 6 cores exclusivas: Angor\u00e1, Bengal, Burmilla, Persa, Siam\u00eas e Somali. Com efeito siliconado e a viscosidade ideal, cada esmalte possui tamanhos e intensidades diferentes de part\u00edculas de brilho, que se movimentam em contato com o \u00edm\u00e3.<\/p>\n<p style=\"margin: 0in; font-family: Calibri; font-size: 11.0pt;\">Cor: Angor\u00e1 (bege), Bengala (marrom), Burmilla<\/p>\n<p style=\"margin: 0in; font-family: Calibri; font-size: 11.0pt;\">(prata), Persa (dourado), Siam\u00eas (rosa) e Somali<\/p>\n<p style=\"margin: 0in; font-family: Calibri; font-size: 11.0pt;\">(vermelho).<\/p>\n<p style=\"margin: 0in; font-family: Calibri; font-size: 11.0pt;\">Aplique o produto sobre o alongamento e\/ou a<\/p>\n<p style=\"margin: 0in; font-family: Calibri; font-size: 11.0pt;\">blindagem e, com o aux\u00edlio de um \u00edm\u00e3, produz o<\/p>\n<p style=\"margin: 0in; font-family: Calibri; font-size: 11.0pt;\">Efeito desejado antes de catalisar sob luz UV de 60<\/p>\n<p style=\"margin: 0in; font-family: Calibri; font-size: 11.0pt;\">a 120 segundos. Finalize o procedimento com um<\/p>\n<p style=\"margin: 0in; font-family: Calibri; font-size: 11.0pt;\">Top Coat da sua escolha.<\/p>\n<\/div>\n<\/div>\n<\/div>","protected":false},"featured_media":5114,"comment_status":"open","ping_status":"closed","template":"","meta":[],"product_brand":[],"product_cat":[98],"product_tag":[],"class_list":{"0":"post-5105","1":"product","2":"type-product","3":"status-publish","4":"has-post-thumbnail","6":"product_cat-bluwe","8":"first","9":"instock","10":"sale","11":"taxable","12":"shipping-taxable","13":"purchasable","14":"product-type-simple"},"_links":{"self":[{"href":"https:\/\/hcrepresentations.com\/pt\/wp-json\/wp\/v2\/product\/5105","targetHints":{"allow":["GET"]}}],"collection":[{"href":"https:\/\/hcrepresentations.com\/pt\/wp-json\/wp\/v2\/product"}],"about":[{"href":"https:\/\/hcrepresentations.com\/pt\/wp-json\/wp\/v2\/types\/product"}],"replies":[{"embeddable":true,"href":"https:\/\/hcrepresentations.com\/pt\/wp-json\/wp\/v2\/comments?post=5105"}],"wp:featuredmedia":[{"embeddable":true,"href":"https:\/\/hcrepresentations.com\/pt\/wp-json\/wp\/v2\/media\/5114"}],"wp:attachment":[{"href":"https:\/\/hcrepresentations.com\/pt\/wp-json\/wp\/v2\/media?parent=5105"}],"wp:term":[{"taxonomy":"product_brand","embeddable":true,"href":"https:\/\/hcrepresentations.com\/pt\/wp-json\/wp\/v2\/product_brand?post=5105"},{"taxonomy":"product_cat","embeddable":true,"href":"https:\/\/hcrepresentations.com\/pt\/wp-json\/wp\/v2\/product_cat?post=5105"},{"taxonomy":"product_tag","embeddable":true,"href":"https:\/\/hcrepresentations.com\/pt\/wp-json\/wp\/v2\/product_tag?post=5105"}],"curies":[{"name":"wp","href":"https:\/\/api.w.org\/{rel}","templated":true}]}}