{"id":5210,"date":"2026-01-27T13:21:35","date_gmt":"2026-01-27T16:21:35","guid":{"rendered":"https:\/\/hcrepresentations.com\/?post_type=product&#038;p=5210"},"modified":"2026-01-27T13:24:14","modified_gmt":"2026-01-27T16:24:14","slug":"broca-anylovy-agulha-longa-de-tungstenio-unitaria","status":"publish","type":"product","link":"https:\/\/hcrepresentations.com\/pt\/produto\/broca-anylovy-agulha-longa-de-tungstenio-unitaria\/","title":{"rendered":"BROCA ANYLOVY AGULHA LONGA DE TUNGST\u00caNIO UNIT\u00c1RIA"},"content":{"rendered":"","protected":false},"excerpt":{"rendered":"<p>Ideal para limpeza das laterais e curvatura C, alcan\u00e7ando \u00e1reas de dif\u00edcil acesso.<\/p>\n<p>Momento ideal de uso:<\/p>\n<p>Ap\u00f3s o nivelamento, na refinagem das laterais e curvatura interna.<\/p>","protected":false},"featured_media":5213,"comment_status":"open","ping_status":"closed","template":"","meta":[],"product_brand":[],"product_cat":[138,115],"product_tag":[],"class_list":{"0":"post-5210","1":"product","2":"type-product","3":"status-publish","4":"has-post-thumbnail","6":"product_cat-anylovy","7":"product_cat-drills","9":"first","10":"instock","11":"taxable","12":"shipping-taxable","13":"purchasable","14":"product-type-simple"},"_links":{"self":[{"href":"https:\/\/hcrepresentations.com\/pt\/wp-json\/wp\/v2\/product\/5210","targetHints":{"allow":["GET"]}}],"collection":[{"href":"https:\/\/hcrepresentations.com\/pt\/wp-json\/wp\/v2\/product"}],"about":[{"href":"https:\/\/hcrepresentations.com\/pt\/wp-json\/wp\/v2\/types\/product"}],"replies":[{"embeddable":true,"href":"https:\/\/hcrepresentations.com\/pt\/wp-json\/wp\/v2\/comments?post=5210"}],"wp:featuredmedia":[{"embeddable":true,"href":"https:\/\/hcrepresentations.com\/pt\/wp-json\/wp\/v2\/media\/5213"}],"wp:attachment":[{"href":"https:\/\/hcrepresentations.com\/pt\/wp-json\/wp\/v2\/media?parent=5210"}],"wp:term":[{"taxonomy":"product_brand","embeddable":true,"href":"https:\/\/hcrepresentations.com\/pt\/wp-json\/wp\/v2\/product_brand?post=5210"},{"taxonomy":"product_cat","embeddable":true,"href":"https:\/\/hcrepresentations.com\/pt\/wp-json\/wp\/v2\/product_cat?post=5210"},{"taxonomy":"product_tag","embeddable":true,"href":"https:\/\/hcrepresentations.com\/pt\/wp-json\/wp\/v2\/product_tag?post=5210"}],"curies":[{"name":"wp","href":"https:\/\/api.w.org\/{rel}","templated":true}]}}