{"id":5211,"date":"2026-01-27T13:21:52","date_gmt":"2026-01-27T16:21:52","guid":{"rendered":"https:\/\/hcrepresentations.com\/?post_type=product&#038;p=5211"},"modified":"2026-01-27T13:30:12","modified_gmt":"2026-01-27T16:30:12","slug":"broca-anylovy-hibrida-cilindrica-e-conica-azul","status":"publish","type":"product","link":"https:\/\/hcrepresentations.com\/pt\/produto\/broca-anylovy-hibrida-cilindrica-e-conica-azul\/","title":{"rendered":"BROCA ANYLOVY H\u00cdBRIDA CIL\u00cdNDRICA E C\u00d4NICA AZUL"},"content":{"rendered":"","protected":false},"excerpt":{"rendered":"<p>Com abrasividade m\u00e9dia (azul). Excelente para remo\u00e7\u00e3o parcial de gel ou encapsulado.<\/p>\n<p>Momento ideal de uso:<\/p>\n<p>Na fase intermedi\u00e1ria da manuten\u00e7\u00e3o, antes do nivelamento final.<\/p>","protected":false},"featured_media":5217,"comment_status":"open","ping_status":"closed","template":"","meta":[],"product_brand":[],"product_cat":[138,115],"product_tag":[],"class_list":{"0":"post-5211","1":"product","2":"type-product","3":"status-publish","4":"has-post-thumbnail","6":"product_cat-anylovy","7":"product_cat-drills","9":"first","10":"instock","11":"taxable","12":"shipping-taxable","13":"purchasable","14":"product-type-simple"},"_links":{"self":[{"href":"https:\/\/hcrepresentations.com\/pt\/wp-json\/wp\/v2\/product\/5211","targetHints":{"allow":["GET"]}}],"collection":[{"href":"https:\/\/hcrepresentations.com\/pt\/wp-json\/wp\/v2\/product"}],"about":[{"href":"https:\/\/hcrepresentations.com\/pt\/wp-json\/wp\/v2\/types\/product"}],"replies":[{"embeddable":true,"href":"https:\/\/hcrepresentations.com\/pt\/wp-json\/wp\/v2\/comments?post=5211"}],"wp:featuredmedia":[{"embeddable":true,"href":"https:\/\/hcrepresentations.com\/pt\/wp-json\/wp\/v2\/media\/5217"}],"wp:attachment":[{"href":"https:\/\/hcrepresentations.com\/pt\/wp-json\/wp\/v2\/media?parent=5211"}],"wp:term":[{"taxonomy":"product_brand","embeddable":true,"href":"https:\/\/hcrepresentations.com\/pt\/wp-json\/wp\/v2\/product_brand?post=5211"},{"taxonomy":"product_cat","embeddable":true,"href":"https:\/\/hcrepresentations.com\/pt\/wp-json\/wp\/v2\/product_cat?post=5211"},{"taxonomy":"product_tag","embeddable":true,"href":"https:\/\/hcrepresentations.com\/pt\/wp-json\/wp\/v2\/product_tag?post=5211"}],"curies":[{"name":"wp","href":"https:\/\/api.w.org\/{rel}","templated":true}]}}