{"id":5220,"date":"2026-01-27T14:00:19","date_gmt":"2026-01-27T17:00:19","guid":{"rendered":"https:\/\/hcrepresentations.com\/?post_type=product&#038;p=5220"},"modified":"2026-01-27T14:49:30","modified_gmt":"2026-01-27T17:49:30","slug":"broca-anylovy-720-diamantada","status":"publish","type":"product","link":"https:\/\/hcrepresentations.com\/pt\/produto\/broca-anylovy-720-diamantada\/","title":{"rendered":"BROCA ANYLOVY 720 DIAMANTADA"},"content":{"rendered":"","protected":false},"excerpt":{"rendered":"<p>Broca diamantada usada para refinar laterais e cantos da cut\u00edcula com precis\u00e3o<\/p>\n<p>Momento ideal de uso:<\/p>\n<p>Durante o preparo da cut\u00edcula e antes da aplica\u00e7\u00e3o do primer.<\/p>","protected":false},"featured_media":5221,"comment_status":"open","ping_status":"closed","template":"","meta":[],"product_brand":[],"product_cat":[138,115],"product_tag":[],"class_list":{"0":"post-5220","1":"product","2":"type-product","3":"status-publish","4":"has-post-thumbnail","6":"product_cat-anylovy","7":"product_cat-drills","9":"first","10":"instock","11":"taxable","12":"shipping-taxable","13":"purchasable","14":"product-type-simple"},"_links":{"self":[{"href":"https:\/\/hcrepresentations.com\/pt\/wp-json\/wp\/v2\/product\/5220","targetHints":{"allow":["GET"]}}],"collection":[{"href":"https:\/\/hcrepresentations.com\/pt\/wp-json\/wp\/v2\/product"}],"about":[{"href":"https:\/\/hcrepresentations.com\/pt\/wp-json\/wp\/v2\/types\/product"}],"replies":[{"embeddable":true,"href":"https:\/\/hcrepresentations.com\/pt\/wp-json\/wp\/v2\/comments?post=5220"}],"wp:featuredmedia":[{"embeddable":true,"href":"https:\/\/hcrepresentations.com\/pt\/wp-json\/wp\/v2\/media\/5221"}],"wp:attachment":[{"href":"https:\/\/hcrepresentations.com\/pt\/wp-json\/wp\/v2\/media?parent=5220"}],"wp:term":[{"taxonomy":"product_brand","embeddable":true,"href":"https:\/\/hcrepresentations.com\/pt\/wp-json\/wp\/v2\/product_brand?post=5220"},{"taxonomy":"product_cat","embeddable":true,"href":"https:\/\/hcrepresentations.com\/pt\/wp-json\/wp\/v2\/product_cat?post=5220"},{"taxonomy":"product_tag","embeddable":true,"href":"https:\/\/hcrepresentations.com\/pt\/wp-json\/wp\/v2\/product_tag?post=5220"}],"curies":[{"name":"wp","href":"https:\/\/api.w.org\/{rel}","templated":true}]}}