{"id":5251,"date":"2026-02-16T00:14:26","date_gmt":"2026-02-16T03:14:26","guid":{"rendered":"https:\/\/hcrepresentations.com\/?post_type=product&#038;p=5251"},"modified":"2026-02-16T00:32:31","modified_gmt":"2026-02-16T03:32:31","slug":"real-love-pote-gel-sculpting-light-nude-pink-8-15ml","status":"publish","type":"product","link":"https:\/\/hcrepresentations.com\/pt\/produto\/real-love-pote-gel-sculpting-light-nude-pink-8-15ml\/","title":{"rendered":"Real Love Pote Gel Sculpting Light Nude Pink 8 15ml"},"content":{"rendered":"","protected":false},"excerpt":{"rendered":"<p>A Linha Sculpting Light \u00e9 de g\u00e9is 3 em 1, pode ser usada em todos os passos do alongamento. Viscosidade m\u00e9dia, autonivelante e flex\u00edvel, n\u00e3o escorre e \u00e9 f\u00e1cil de lixar e moldar. Ideal para todas as t\u00e9cnicas em que \u00e9 necess\u00e1rio um gel male\u00e1vel.<\/p>\n<p>Tempo de curagem em cabine de 48w:<br \/>\nPr\u00e9 curvatura - 30seg<br \/>\nCurvatura - 60seg<br \/>\nCura Total - 120seg<\/p>","protected":false},"featured_media":5289,"comment_status":"closed","ping_status":"closed","template":"","meta":[],"product_brand":[],"product_cat":[144],"product_tag":[],"class_list":{"0":"post-5251","1":"product","2":"type-product","3":"status-publish","4":"has-post-thumbnail","6":"product_cat-real-love","8":"first","9":"instock","10":"taxable","11":"shipping-taxable","12":"purchasable","13":"product-type-simple"},"_links":{"self":[{"href":"https:\/\/hcrepresentations.com\/pt\/wp-json\/wp\/v2\/product\/5251","targetHints":{"allow":["GET"]}}],"collection":[{"href":"https:\/\/hcrepresentations.com\/pt\/wp-json\/wp\/v2\/product"}],"about":[{"href":"https:\/\/hcrepresentations.com\/pt\/wp-json\/wp\/v2\/types\/product"}],"replies":[{"embeddable":true,"href":"https:\/\/hcrepresentations.com\/pt\/wp-json\/wp\/v2\/comments?post=5251"}],"wp:featuredmedia":[{"embeddable":true,"href":"https:\/\/hcrepresentations.com\/pt\/wp-json\/wp\/v2\/media\/5289"}],"wp:attachment":[{"href":"https:\/\/hcrepresentations.com\/pt\/wp-json\/wp\/v2\/media?parent=5251"}],"wp:term":[{"taxonomy":"product_brand","embeddable":true,"href":"https:\/\/hcrepresentations.com\/pt\/wp-json\/wp\/v2\/product_brand?post=5251"},{"taxonomy":"product_cat","embeddable":true,"href":"https:\/\/hcrepresentations.com\/pt\/wp-json\/wp\/v2\/product_cat?post=5251"},{"taxonomy":"product_tag","embeddable":true,"href":"https:\/\/hcrepresentations.com\/pt\/wp-json\/wp\/v2\/product_tag?post=5251"}],"curies":[{"name":"wp","href":"https:\/\/api.w.org\/{rel}","templated":true}]}}