{"id":5252,"date":"2026-02-16T00:14:26","date_gmt":"2026-02-16T03:14:26","guid":{"rendered":"https:\/\/hcrepresentations.com\/?post_type=product&#038;p=5252"},"modified":"2026-02-16T00:32:31","modified_gmt":"2026-02-16T03:32:31","slug":"refil-sache-top-coat-linha-light-10ml-real-love","status":"publish","type":"product","link":"https:\/\/hcrepresentations.com\/pt\/produto\/refil-sache-top-coat-linha-light-10ml-real-love\/","title":{"rendered":"Refil sache Top Coat Linha Light 10ml - Real Love"},"content":{"rendered":"","protected":false},"excerpt":{"rendered":"<p>O Refil Top Coat Linha Light 10ml - Real Love \u00e9 uma alternativa inteligente, sustent\u00e1vel e econ\u00f4mica.<br \/>\n**Para que escolher o Refil Top Coat Linha Light?<br \/>\n1. **Amor Pelo Planeta:** Reduz o desperd\u00edcio de embalagens e minimiza seu impacto no meio ambiente com nosso refil.<br \/>\n2. **Economia Inteligente:** Economize seu dinheiro enquanto continua a desfrutar dos benef\u00edcios do nosso Top Coat de alta qualidade.<br \/>\n3. **Conveni\u00eancia Total:** Recarregue seu frasco de Top Coat Real Love em quest\u00e3o de segundos, sem a necessidade de comprar uma embalagem completamente nova.<br \/>\nCont\u00e9m:<br \/>\n1- Refil Top Coat Linha Light 10ml<\/p>","protected":false},"featured_media":5297,"comment_status":"closed","ping_status":"closed","template":"","meta":[],"product_brand":[],"product_cat":[144],"product_tag":[],"class_list":{"0":"post-5252","1":"product","2":"type-product","3":"status-publish","4":"has-post-thumbnail","6":"product_cat-real-love","8":"first","9":"instock","10":"taxable","11":"shipping-taxable","12":"purchasable","13":"product-type-simple"},"_links":{"self":[{"href":"https:\/\/hcrepresentations.com\/pt\/wp-json\/wp\/v2\/product\/5252","targetHints":{"allow":["GET"]}}],"collection":[{"href":"https:\/\/hcrepresentations.com\/pt\/wp-json\/wp\/v2\/product"}],"about":[{"href":"https:\/\/hcrepresentations.com\/pt\/wp-json\/wp\/v2\/types\/product"}],"replies":[{"embeddable":true,"href":"https:\/\/hcrepresentations.com\/pt\/wp-json\/wp\/v2\/comments?post=5252"}],"wp:featuredmedia":[{"embeddable":true,"href":"https:\/\/hcrepresentations.com\/pt\/wp-json\/wp\/v2\/media\/5297"}],"wp:attachment":[{"href":"https:\/\/hcrepresentations.com\/pt\/wp-json\/wp\/v2\/media?parent=5252"}],"wp:term":[{"taxonomy":"product_brand","embeddable":true,"href":"https:\/\/hcrepresentations.com\/pt\/wp-json\/wp\/v2\/product_brand?post=5252"},{"taxonomy":"product_cat","embeddable":true,"href":"https:\/\/hcrepresentations.com\/pt\/wp-json\/wp\/v2\/product_cat?post=5252"},{"taxonomy":"product_tag","embeddable":true,"href":"https:\/\/hcrepresentations.com\/pt\/wp-json\/wp\/v2\/product_tag?post=5252"}],"curies":[{"name":"wp","href":"https:\/\/api.w.org\/{rel}","templated":true}]}}