{"id":5254,"date":"2026-02-16T00:14:26","date_gmt":"2026-02-16T03:14:26","guid":{"rendered":"https:\/\/hcrepresentations.com\/?post_type=product&#038;p=5254"},"modified":"2026-02-16T00:32:31","modified_gmt":"2026-02-16T03:32:31","slug":"base-em-gel-blindada-para-unhas-band-aid-linha-light-15ml-real-love","status":"publish","type":"product","link":"https:\/\/hcrepresentations.com\/pt\/produto\/base-em-gel-blindada-para-unhas-band-aid-linha-light-15ml-real-love\/","title":{"rendered":"Base em Gel Blindada Para Unhas Band-Aid Linha Light 15ml - Real Love"},"content":{"rendered":"","protected":false},"excerpt":{"rendered":"<p>A Base em Gel Blindada Band-Aid Linha Light da Real Love \u00e9 um produto de prepara\u00e7\u00e3o de unhas, desenvolvido para ser a primeira camada aplicada antes do alongamento em gel ou da esmalta\u00e7\u00e3o em gel criando uma camada protetora e de \"curar\" pequenas imperfei\u00e7\u00f5es nas unhas e proporcionando resist\u00eancia ao alongamento.<br \/>\nFun\u00e7\u00f5es e benef\u00edcios principais:<\/p>\n<p>Promove Ader\u00eancia: Sua principal fun\u00e7\u00e3o \u00e9 atuar como uma \"cola\" para o alongamento ou esmalte em gel. Ela cria uma superf\u00edcie aderente que garante maior fixa\u00e7\u00e3o, evitando que o alongamento descubra ou que o esmalte lasque prematuramente.<br \/>\nUniformiza a Superf\u00edcie: Ajuda a nivelar a superf\u00edcie da unha, preenchendo pequenas fissuras e criando uma base lisa para a aplica\u00e7\u00e3o dos produtos seguintes, resultando em um acabamento mais profissional.<br \/>\nVersatilidade: Pode ser usado tanto para alongamento de unhas em gel, fibra de vidro ou porcelana, quanto para a blindagem das unhas naturais ou colagem de unhas posti\u00e7as (pontas).<br \/>\nCura em Cabine: Assim como outros produtos em gel, essa base necessita de cura em cabine UV\/LED para durar e funcionar corretamente.<\/p>\n<p>Cont\u00e9m:<br \/>\n 1 - Base em Gel Blindada 15ml<\/p>","protected":false},"featured_media":5270,"comment_status":"closed","ping_status":"closed","template":"","meta":[],"product_brand":[],"product_cat":[144],"product_tag":[],"class_list":{"0":"post-5254","1":"product","2":"type-product","3":"status-publish","4":"has-post-thumbnail","6":"product_cat-real-love","8":"first","9":"instock","10":"taxable","11":"shipping-taxable","12":"purchasable","13":"product-type-simple"},"_links":{"self":[{"href":"https:\/\/hcrepresentations.com\/pt\/wp-json\/wp\/v2\/product\/5254","targetHints":{"allow":["GET"]}}],"collection":[{"href":"https:\/\/hcrepresentations.com\/pt\/wp-json\/wp\/v2\/product"}],"about":[{"href":"https:\/\/hcrepresentations.com\/pt\/wp-json\/wp\/v2\/types\/product"}],"replies":[{"embeddable":true,"href":"https:\/\/hcrepresentations.com\/pt\/wp-json\/wp\/v2\/comments?post=5254"}],"wp:featuredmedia":[{"embeddable":true,"href":"https:\/\/hcrepresentations.com\/pt\/wp-json\/wp\/v2\/media\/5270"}],"wp:attachment":[{"href":"https:\/\/hcrepresentations.com\/pt\/wp-json\/wp\/v2\/media?parent=5254"}],"wp:term":[{"taxonomy":"product_brand","embeddable":true,"href":"https:\/\/hcrepresentations.com\/pt\/wp-json\/wp\/v2\/product_brand?post=5254"},{"taxonomy":"product_cat","embeddable":true,"href":"https:\/\/hcrepresentations.com\/pt\/wp-json\/wp\/v2\/product_cat?post=5254"},{"taxonomy":"product_tag","embeddable":true,"href":"https:\/\/hcrepresentations.com\/pt\/wp-json\/wp\/v2\/product_tag?post=5254"}],"curies":[{"name":"wp","href":"https:\/\/api.w.org\/{rel}","templated":true}]}}