{"id":5267,"date":"2026-02-16T00:14:27","date_gmt":"2026-02-16T03:14:27","guid":{"rendered":"https:\/\/hcrepresentations.com\/?post_type=product&#038;p=5267"},"modified":"2026-02-16T00:32:49","modified_gmt":"2026-02-16T03:32:49","slug":"rubber-base-realista-10g-anylovy","status":"publish","type":"product","link":"https:\/\/hcrepresentations.com\/pt\/produto\/rubber-base-realista-10g-anylovy\/","title":{"rendered":"BASE DE BORRACHA REALISTA 10g ANYLOVY"},"content":{"rendered":"","protected":false},"excerpt":{"rendered":"<p>A nova Base de Borracha ANYLOVY chega em 6 n\u00facleos pensados para uso profissional trazendo autonivelamento, flexibilidade e alta resist\u00eancia.<\/p>\n<p>Ideal para blindagem, nivelamento e estrutura\u00e7\u00e3o da unha natural.<\/p>\n<p>SEM TPO e SEM DMPT ? mais seguran\u00e7a para o profissional, mais conforto para o cliente e tranquilidade at\u00e9 para unhas sens\u00edveis.<\/p>\n<p>A Base de Borracha Realista 10g ANYLOVY possui uma f\u00f3rmula flex\u00edvel e inteligente, que acompanha o movimento natural da unha, funcionando como um verdadeiro amortecedor de impacto.<\/p>\n<p>Isso reduz significativamente os riscos de trincas, quebras e descolamentos, mesmo em unhas finas, fr\u00e1geis ou com hist\u00f3rico de baixa ader\u00eancia.<\/p>\n<p>Produto 2 em 1: fixa\u00e7\u00e3o + acabamento natural<\/p>\n<p>Atua como base de ader\u00eancia superior, criando uma ponte forte entre a unha natural e o gel, e ao mesmo tempo entrega um acabamento realista e elegante, podendo ser usada sozinha quando a proposta \u00e9 leve, limpa e atual.<\/p>\n<p>Sua consist\u00eancia mais encorpada e autonivelante se espalha com o controle, facilitando um acabamento liso, uniforme e profissional, inclusive para quem ainda n\u00e3o tem dom\u00ednio total do produto.<\/p>","protected":false},"featured_media":5302,"comment_status":"closed","ping_status":"closed","template":"","meta":[],"product_brand":[],"product_cat":[138],"product_tag":[],"class_list":{"0":"post-5267","1":"product","2":"type-product","3":"status-publish","4":"has-post-thumbnail","6":"product_cat-anylovy","8":"first","9":"instock","10":"taxable","11":"shipping-taxable","12":"purchasable","13":"product-type-simple"},"_links":{"self":[{"href":"https:\/\/hcrepresentations.com\/pt\/wp-json\/wp\/v2\/product\/5267","targetHints":{"allow":["GET"]}}],"collection":[{"href":"https:\/\/hcrepresentations.com\/pt\/wp-json\/wp\/v2\/product"}],"about":[{"href":"https:\/\/hcrepresentations.com\/pt\/wp-json\/wp\/v2\/types\/product"}],"replies":[{"embeddable":true,"href":"https:\/\/hcrepresentations.com\/pt\/wp-json\/wp\/v2\/comments?post=5267"}],"wp:featuredmedia":[{"embeddable":true,"href":"https:\/\/hcrepresentations.com\/pt\/wp-json\/wp\/v2\/media\/5302"}],"wp:attachment":[{"href":"https:\/\/hcrepresentations.com\/pt\/wp-json\/wp\/v2\/media?parent=5267"}],"wp:term":[{"taxonomy":"product_brand","embeddable":true,"href":"https:\/\/hcrepresentations.com\/pt\/wp-json\/wp\/v2\/product_brand?post=5267"},{"taxonomy":"product_cat","embeddable":true,"href":"https:\/\/hcrepresentations.com\/pt\/wp-json\/wp\/v2\/product_cat?post=5267"},{"taxonomy":"product_tag","embeddable":true,"href":"https:\/\/hcrepresentations.com\/pt\/wp-json\/wp\/v2\/product_tag?post=5267"}],"curies":[{"name":"wp","href":"https:\/\/api.w.org\/{rel}","templated":true}]}}