{"id":5312,"date":"2026-02-18T14:07:34","date_gmt":"2026-02-18T17:07:34","guid":{"rendered":"https:\/\/hcrepresentations.com\/?post_type=product&#038;p=5312"},"modified":"2026-04-08T04:22:50","modified_gmt":"2026-04-08T07:22:50","slug":"mini-kit-blindagem-cuccio","status":"publish","type":"product","link":"https:\/\/hcrepresentations.com\/pt\/produto\/mini-kit-blindagem-cuccio\/","title":{"rendered":"MINI KIT BLINDAGEM CUCCIO"},"content":{"rendered":"","protected":false},"excerpt":{"rendered":"<p>Mini Kit Cuccio<br \/>\nEssencial, pr\u00e1tico e perfeito para come\u00e7ar com qualidade profissional<\/p>\n<p>O Mini Kit Cuccio foi desenvolvido para oferecer os principais passos da prepara\u00e7\u00e3o t\u00e9cnica em um formato compacto e funcional, mantendo a mesma qualidade profissional da linha Cuccio. Ideal para iniciantes, uso pessoal, treinamentos ou como mimo especial para clientes.<\/p>\n<p>O que cont\u00e9m:<br \/>\nPrep Passo 1 (3,7ml) - Prepara a unha, removendo a oleosidade da l\u00e2mina ungueal.<br \/>\nFuse Passo 2 (3,7 ml) - Promove ader\u00eancia segura com a tecnologia Dual Glue.<br \/>\nBase Passo 3 (3,7ml) - Protege a unha natural com aplica\u00e7\u00e3o auto nivelante.<br \/>\nTop Coat Passo 5 (3,7ml) - Finaliza com brilho intenso e acabamento impec\u00e1vel.<\/p>\n<p>Al\u00e9m disso, est\u00e1 incluso um<\/p>\n<p>Cleansing de 60ml que \u00e9 um higienizador que remove impurezas e oleosidade da unha, preparando a superf\u00edcie para melhor ades\u00e3o dos produtos.<\/p>\n<p>Finishing Wipe: \u00e9 um l\u00edquido finalizador usado para remover a goma residual do gel ap\u00f3s a cura, deixando as unhas com acabamento brilhante, limpo e profissional.<\/p>\n<p>e um pano de acabamento<\/p>\n<p>Benef\u00edcios<br \/>\nEm m\u00e9dia, 135 aplicativos por kit<br \/>\nTamanho ideal para testes, treinamentos e atendimentos pontuais<br \/>\nVers\u00e3o reduzida com o mesmo desempenho dos tamanhos profissionais<br \/>\nPr\u00e1tico para levar na bolsa ou organizar na bancada<br \/>\nExcelente op\u00e7\u00e3o para apresentar a experi\u00eancia Cuccio em um formato acess\u00edvel<br \/>\nO Mini Kit Cuccio entrega qualidade, versatilidade e rendimento surpreendente, perfeito para quem busca efici\u00eancia e praticidade em cada etapa do atendimento.<\/p>","protected":false},"featured_media":5324,"comment_status":"closed","ping_status":"closed","template":"","meta":[],"product_brand":[],"product_cat":[145],"product_tag":[],"class_list":{"0":"post-5312","1":"product","2":"type-product","3":"status-publish","4":"has-post-thumbnail","6":"product_cat-cuccio","8":"first","9":"instock","10":"taxable","11":"shipping-taxable","12":"purchasable","13":"product-type-simple"},"_links":{"self":[{"href":"https:\/\/hcrepresentations.com\/pt\/wp-json\/wp\/v2\/product\/5312","targetHints":{"allow":["GET"]}}],"collection":[{"href":"https:\/\/hcrepresentations.com\/pt\/wp-json\/wp\/v2\/product"}],"about":[{"href":"https:\/\/hcrepresentations.com\/pt\/wp-json\/wp\/v2\/types\/product"}],"replies":[{"embeddable":true,"href":"https:\/\/hcrepresentations.com\/pt\/wp-json\/wp\/v2\/comments?post=5312"}],"wp:featuredmedia":[{"embeddable":true,"href":"https:\/\/hcrepresentations.com\/pt\/wp-json\/wp\/v2\/media\/5324"}],"wp:attachment":[{"href":"https:\/\/hcrepresentations.com\/pt\/wp-json\/wp\/v2\/media?parent=5312"}],"wp:term":[{"taxonomy":"product_brand","embeddable":true,"href":"https:\/\/hcrepresentations.com\/pt\/wp-json\/wp\/v2\/product_brand?post=5312"},{"taxonomy":"product_cat","embeddable":true,"href":"https:\/\/hcrepresentations.com\/pt\/wp-json\/wp\/v2\/product_cat?post=5312"},{"taxonomy":"product_tag","embeddable":true,"href":"https:\/\/hcrepresentations.com\/pt\/wp-json\/wp\/v2\/product_tag?post=5312"}],"curies":[{"name":"wp","href":"https:\/\/api.w.org\/{rel}","templated":true}]}}