{"id":5343,"date":"2026-02-24T15:04:56","date_gmt":"2026-02-24T18:04:56","guid":{"rendered":"https:\/\/hcrepresentations.com\/?post_type=product&#038;p=5343"},"modified":"2026-02-24T15:06:31","modified_gmt":"2026-02-24T18:06:31","slug":"clear-13g-ecoline-onefix-capa-base","status":"publish","type":"product","link":"https:\/\/hcrepresentations.com\/pt\/produto\/clear-13g-ecoline-onefix-capa-base\/","title":{"rendered":"Base Clear 13g Ecoline ONEFIX Capa"},"content":{"rendered":"","protected":false},"excerpt":{"rendered":"<p>Base de gel de alta ades\u00e3o para todas as linhas de constru\u00e7\u00e3o ou esmalta\u00e7\u00e3o em gel. Apresenta grande flexibilidade. Ideal para unhas finas, flex\u00edveis, secas e quebradi\u00e7as.<\/p>\n<p>Com uma abertura a pensar na conserva\u00e7\u00e3o do produto, a tampa-cora\u00e7\u00e3o \u00e9 o novo destaque para proteger a capa base dos raios UV.<\/p>\n<p>Produto indispens\u00e1vel para mesa das profissionais, aceito para todas as clientes e uma durabilidade sem igual. Vale lembrar que tamb\u00e9m pode ser utilizado para blindagem, ou para alongar a unha toda. O produto foi baseado com uma tecnologia na constru\u00e7\u00e3o civil.<\/p>\n<p>Tempo total de catalisa\u00e7\u00e3o 2 minutos em cabine UVA LED.<\/p>\n<p>Removido por meio de lixamento.<\/p>","protected":false},"featured_media":5344,"comment_status":"open","ping_status":"closed","template":"","meta":[],"product_brand":[],"product_cat":[132],"product_tag":[],"class_list":{"0":"post-5343","1":"product","2":"type-product","3":"status-publish","4":"has-post-thumbnail","6":"product_cat-nails-21","8":"first","9":"instock","10":"taxable","11":"shipping-taxable","12":"purchasable","13":"product-type-simple"},"_links":{"self":[{"href":"https:\/\/hcrepresentations.com\/pt\/wp-json\/wp\/v2\/product\/5343","targetHints":{"allow":["GET"]}}],"collection":[{"href":"https:\/\/hcrepresentations.com\/pt\/wp-json\/wp\/v2\/product"}],"about":[{"href":"https:\/\/hcrepresentations.com\/pt\/wp-json\/wp\/v2\/types\/product"}],"replies":[{"embeddable":true,"href":"https:\/\/hcrepresentations.com\/pt\/wp-json\/wp\/v2\/comments?post=5343"}],"wp:featuredmedia":[{"embeddable":true,"href":"https:\/\/hcrepresentations.com\/pt\/wp-json\/wp\/v2\/media\/5344"}],"wp:attachment":[{"href":"https:\/\/hcrepresentations.com\/pt\/wp-json\/wp\/v2\/media?parent=5343"}],"wp:term":[{"taxonomy":"product_brand","embeddable":true,"href":"https:\/\/hcrepresentations.com\/pt\/wp-json\/wp\/v2\/product_brand?post=5343"},{"taxonomy":"product_cat","embeddable":true,"href":"https:\/\/hcrepresentations.com\/pt\/wp-json\/wp\/v2\/product_cat?post=5343"},{"taxonomy":"product_tag","embeddable":true,"href":"https:\/\/hcrepresentations.com\/pt\/wp-json\/wp\/v2\/product_tag?post=5343"}],"curies":[{"name":"wp","href":"https:\/\/api.w.org\/{rel}","templated":true}]}}