{"id":5379,"date":"2026-03-10T18:17:19","date_gmt":"2026-03-10T21:17:19","guid":{"rendered":"https:\/\/hcrepresentations.com\/?post_type=product&#038;p=5379"},"modified":"2026-03-10T18:17:19","modified_gmt":"2026-03-10T21:17:19","slug":"borda-camuflada-34g-ecoline-strong-gel","status":"publish","type":"product","link":"https:\/\/hcrepresentations.com\/pt\/produto\/borda-camuflada-34g-ecoline-strong-gel\/","title":{"rendered":"Borda Camuflada 34g Ecoline Gel Forte"},"content":{"rendered":"","protected":false},"excerpt":{"rendered":"<p>FORTE<\/p>\n<p>O gel revolucion\u00e1rio para constru\u00e7\u00e3o de unhas. \u00c9 est\u00e1tico, cremoso, com densidade e textura \u00fanicas, e o melhor... N\u00e3o queima ao catalisar!<\/p>\n<p>Este gel consegue ser est\u00e1tico no pote, mas cremoso no pincel, auto-nivelante quando est\u00e1 a ser trabalhado, mas completamente im\u00f3vel na unha. Basta um simples toque nele para que voc\u00ea consiga lev\u00e1-lo onde quiser.<\/p>\n<p>Voc\u00ea conseguir\u00e1 moldar com facilidade e precis\u00e3o, sem se preocupar com bolhas, conseguindo fazer at\u00e9 4 unhas de uma vez antes de entrar na cabine UV, isso porque ele n\u00e3o escorrega. \u00c9 um gel extremamente vers\u00e1til, compat\u00edvel com todos os sistemas de alongamento, qualquer que seja o seu preferido. Removido por meio de lixamento.<\/p>","protected":false},"featured_media":5380,"comment_status":"open","ping_status":"closed","template":"","meta":[],"product_brand":[],"product_cat":[132],"product_tag":[],"class_list":{"0":"post-5379","1":"product","2":"type-product","3":"status-publish","4":"has-post-thumbnail","6":"product_cat-nails-21","8":"first","9":"instock","10":"taxable","11":"shipping-taxable","12":"purchasable","13":"product-type-simple"},"_links":{"self":[{"href":"https:\/\/hcrepresentations.com\/pt\/wp-json\/wp\/v2\/product\/5379","targetHints":{"allow":["GET"]}}],"collection":[{"href":"https:\/\/hcrepresentations.com\/pt\/wp-json\/wp\/v2\/product"}],"about":[{"href":"https:\/\/hcrepresentations.com\/pt\/wp-json\/wp\/v2\/types\/product"}],"replies":[{"embeddable":true,"href":"https:\/\/hcrepresentations.com\/pt\/wp-json\/wp\/v2\/comments?post=5379"}],"wp:featuredmedia":[{"embeddable":true,"href":"https:\/\/hcrepresentations.com\/pt\/wp-json\/wp\/v2\/media\/5380"}],"wp:attachment":[{"href":"https:\/\/hcrepresentations.com\/pt\/wp-json\/wp\/v2\/media?parent=5379"}],"wp:term":[{"taxonomy":"product_brand","embeddable":true,"href":"https:\/\/hcrepresentations.com\/pt\/wp-json\/wp\/v2\/product_brand?post=5379"},{"taxonomy":"product_cat","embeddable":true,"href":"https:\/\/hcrepresentations.com\/pt\/wp-json\/wp\/v2\/product_cat?post=5379"},{"taxonomy":"product_tag","embeddable":true,"href":"https:\/\/hcrepresentations.com\/pt\/wp-json\/wp\/v2\/product_tag?post=5379"}],"curies":[{"name":"wp","href":"https:\/\/api.w.org\/{rel}","templated":true}]}}