{"id":5395,"date":"2026-03-10T18:28:40","date_gmt":"2026-03-10T21:28:40","guid":{"rendered":"https:\/\/hcrepresentations.com\/?post_type=product&#038;p=5395"},"modified":"2026-03-10T18:28:40","modified_gmt":"2026-03-10T21:28:40","slug":"fiber-clear-pink-12ml-onefix-capa-base","status":"publish","type":"product","link":"https:\/\/hcrepresentations.com\/pt\/produto\/fiber-clear-pink-12ml-onefix-capa-base\/","title":{"rendered":"Fiber Clear Pink 12ml Onefix Capa Base"},"content":{"rendered":"","protected":false},"excerpt":{"rendered":"<p>Base de gel de alta ades\u00e3o para todas as linhas de constru\u00e7\u00e3o ou esmalta\u00e7\u00e3o em gel. Apresenta grande flexibilidade. Ideal para unhas finas, flex\u00edveis, secas e quebradi\u00e7as.<\/p>\n<p>Produto indispens\u00e1vel para mesa das profissionais, aceito para todas as clientes e uma durabilidade sem igual. Vale lembrar que tamb\u00e9m pode ser utilizado para blindagem, ou para alongar a unha toda. O produto foi baseado com uma tecnologia na constru\u00e7\u00e3o civil. J\u00e1 vem com pincel incorporado. Tempo total de catalisa\u00e7\u00e3o 2 minutos em cabine UVA LED. Removido por meio de lixamento.<\/p>","protected":false},"featured_media":5396,"comment_status":"open","ping_status":"closed","template":"","meta":[],"product_brand":[],"product_cat":[132],"product_tag":[],"class_list":{"0":"post-5395","1":"product","2":"type-product","3":"status-publish","4":"has-post-thumbnail","6":"product_cat-nails-21","8":"first","9":"instock","10":"taxable","11":"shipping-taxable","12":"purchasable","13":"product-type-simple"},"_links":{"self":[{"href":"https:\/\/hcrepresentations.com\/pt\/wp-json\/wp\/v2\/product\/5395","targetHints":{"allow":["GET"]}}],"collection":[{"href":"https:\/\/hcrepresentations.com\/pt\/wp-json\/wp\/v2\/product"}],"about":[{"href":"https:\/\/hcrepresentations.com\/pt\/wp-json\/wp\/v2\/types\/product"}],"replies":[{"embeddable":true,"href":"https:\/\/hcrepresentations.com\/pt\/wp-json\/wp\/v2\/comments?post=5395"}],"wp:featuredmedia":[{"embeddable":true,"href":"https:\/\/hcrepresentations.com\/pt\/wp-json\/wp\/v2\/media\/5396"}],"wp:attachment":[{"href":"https:\/\/hcrepresentations.com\/pt\/wp-json\/wp\/v2\/media?parent=5395"}],"wp:term":[{"taxonomy":"product_brand","embeddable":true,"href":"https:\/\/hcrepresentations.com\/pt\/wp-json\/wp\/v2\/product_brand?post=5395"},{"taxonomy":"product_cat","embeddable":true,"href":"https:\/\/hcrepresentations.com\/pt\/wp-json\/wp\/v2\/product_cat?post=5395"},{"taxonomy":"product_tag","embeddable":true,"href":"https:\/\/hcrepresentations.com\/pt\/wp-json\/wp\/v2\/product_tag?post=5395"}],"curies":[{"name":"wp","href":"https:\/\/api.w.org\/{rel}","templated":true}]}}