{"id":5420,"date":"2026-03-13T15:07:20","date_gmt":"2026-03-13T18:07:20","guid":{"rendered":"https:\/\/hcrepresentations.com\/?post_type=product&#038;p=5420"},"modified":"2026-03-13T15:07:20","modified_gmt":"2026-03-13T18:07:20","slug":"top-coat-camu-universal-bege-11ml","status":"publish","type":"product","link":"https:\/\/hcrepresentations.com\/pt\/produto\/top-coat-camu-universal-bege-11ml\/","title":{"rendered":"Top Coat Camu Universal Bege 11ml"},"content":{"rendered":"","protected":false},"excerpt":{"rendered":"<p>O Top Coat Camuflagem Bluwe \u00e9 ideal para finalizar todos os<br \/>\nprocedimentos em gel com m\u00e1xima naturalidade. Ele camufla manchas nos leitos, tem uma<br \/>\ncobertura uniforme, n\u00e3o escorre com facilidade e apresenta f\u00f3rmula cremosa que n\u00e3o<br \/>\nescorre e garante mais controle na aplica\u00e7\u00e3o. O resultado \u00e9 um brilho intenso sem goma.<\/p>","protected":false},"featured_media":5426,"comment_status":"open","ping_status":"closed","template":"","meta":[],"product_brand":[],"product_cat":[98],"product_tag":[],"class_list":{"0":"post-5420","1":"product","2":"type-product","3":"status-publish","4":"has-post-thumbnail","6":"product_cat-bluwe","8":"first","9":"instock","10":"sale","11":"taxable","12":"shipping-taxable","13":"purchasable","14":"product-type-simple"},"_links":{"self":[{"href":"https:\/\/hcrepresentations.com\/pt\/wp-json\/wp\/v2\/product\/5420","targetHints":{"allow":["GET"]}}],"collection":[{"href":"https:\/\/hcrepresentations.com\/pt\/wp-json\/wp\/v2\/product"}],"about":[{"href":"https:\/\/hcrepresentations.com\/pt\/wp-json\/wp\/v2\/types\/product"}],"replies":[{"embeddable":true,"href":"https:\/\/hcrepresentations.com\/pt\/wp-json\/wp\/v2\/comments?post=5420"}],"wp:featuredmedia":[{"embeddable":true,"href":"https:\/\/hcrepresentations.com\/pt\/wp-json\/wp\/v2\/media\/5426"}],"wp:attachment":[{"href":"https:\/\/hcrepresentations.com\/pt\/wp-json\/wp\/v2\/media?parent=5420"}],"wp:term":[{"taxonomy":"product_brand","embeddable":true,"href":"https:\/\/hcrepresentations.com\/pt\/wp-json\/wp\/v2\/product_brand?post=5420"},{"taxonomy":"product_cat","embeddable":true,"href":"https:\/\/hcrepresentations.com\/pt\/wp-json\/wp\/v2\/product_cat?post=5420"},{"taxonomy":"product_tag","embeddable":true,"href":"https:\/\/hcrepresentations.com\/pt\/wp-json\/wp\/v2\/product_tag?post=5420"}],"curies":[{"name":"wp","href":"https:\/\/api.w.org\/{rel}","templated":true}]}}