{"id":5513,"date":"2026-04-05T20:51:53","date_gmt":"2026-04-05T23:51:53","guid":{"rendered":"https:\/\/hcrepresentations.com\/?post_type=product&#038;p=5513"},"modified":"2026-04-05T21:04:57","modified_gmt":"2026-04-06T00:04:57","slug":"esmalte-tacaca-uze-nails","status":"publish","type":"product","link":"https:\/\/hcrepresentations.com\/pt\/produto\/esmalte-tacaca-uze-nails\/","title":{"rendered":"Esmalte Tacac\u00e1 Uze Nails"},"content":{"rendered":"","protected":false},"excerpt":{"rendered":"<p>Quando a Amaz\u00f4nia vira cor, ela conta hist\u00f3rias.<\/p>\n<p>A cole\u00e7\u00e3o Cores da Amaz\u00f4nia \u00e9 um encontro de culturas, hist\u00f3rias e saberes. Cada tonalidade carrega identidade, representando a diversidade de um territ\u00f3rio vivo, ancestral e em constante movimento.<\/p>\n<p>Al\u00e9m do conceito, a cole\u00e7\u00e3o entrega desempenho: esmaltes tradicionais com secagem r\u00e1pida, cobertura uniforme e cores intensas, pensados para um acabamento impec\u00e1vel e duradouro.<\/p>\n<p>Tacac\u00e1: Amarelo transl\u00facido que traduz energia, alegria e identidade popular. Uma cor viva, que carrega a ess\u00eancia das tradi\u00e7\u00f5es e da cultura local.<\/p>","protected":false},"featured_media":5502,"comment_status":"open","ping_status":"closed","template":"","meta":[],"product_brand":[],"product_cat":[146,137],"product_tag":[],"class_list":{"0":"post-5513","1":"product","2":"type-product","3":"status-publish","4":"has-post-thumbnail","6":"product_cat-esmaltes-regulares","7":"product_cat-uze","9":"first","10":"instock","11":"sale","12":"taxable","13":"shipping-taxable","14":"purchasable","15":"product-type-simple"},"_links":{"self":[{"href":"https:\/\/hcrepresentations.com\/pt\/wp-json\/wp\/v2\/product\/5513","targetHints":{"allow":["GET"]}}],"collection":[{"href":"https:\/\/hcrepresentations.com\/pt\/wp-json\/wp\/v2\/product"}],"about":[{"href":"https:\/\/hcrepresentations.com\/pt\/wp-json\/wp\/v2\/types\/product"}],"replies":[{"embeddable":true,"href":"https:\/\/hcrepresentations.com\/pt\/wp-json\/wp\/v2\/comments?post=5513"}],"wp:featuredmedia":[{"embeddable":true,"href":"https:\/\/hcrepresentations.com\/pt\/wp-json\/wp\/v2\/media\/5502"}],"wp:attachment":[{"href":"https:\/\/hcrepresentations.com\/pt\/wp-json\/wp\/v2\/media?parent=5513"}],"wp:term":[{"taxonomy":"product_brand","embeddable":true,"href":"https:\/\/hcrepresentations.com\/pt\/wp-json\/wp\/v2\/product_brand?post=5513"},{"taxonomy":"product_cat","embeddable":true,"href":"https:\/\/hcrepresentations.com\/pt\/wp-json\/wp\/v2\/product_cat?post=5513"},{"taxonomy":"product_tag","embeddable":true,"href":"https:\/\/hcrepresentations.com\/pt\/wp-json\/wp\/v2\/product_tag?post=5513"}],"curies":[{"name":"wp","href":"https:\/\/api.w.org\/{rel}","templated":true}]}}