{"id":5625,"date":"2026-04-24T15:28:10","date_gmt":"2026-04-24T18:28:10","guid":{"rendered":"https:\/\/hcrepresentations.com\/?post_type=product&#038;p=5625"},"modified":"2026-04-24T16:15:13","modified_gmt":"2026-04-24T19:15:13","slug":"esmalte-gel-pink-primeiro-amor-anylovy-10g","status":"publish","type":"product","link":"https:\/\/hcrepresentations.com\/pt\/produto\/esmalte-gel-pink-primeiro-amor-anylovy-10g\/","title":{"rendered":"ESMALTE GEL PINK PRIMEIRO AMOR ANYLOVY 10g"},"content":{"rendered":"","protected":false},"excerpt":{"rendered":"<p>Os novos ESMALTES ANYLOVY j\u00e1 est\u00e3o dispon\u00edveis!<br \/>\nAgora voc\u00ea ficar\u00e1 mais linda com a nova linha de esmaltes em gel da ANYLOVY.<\/p>\n<p>O modelo do frasco pode variar conforme disponibilidade em estoque<\/p>\n<p>Cont\u00e9m neste item:<br \/>\n1x Esmalte em Gel Pink Primeiro Amor &#8211; Anylovy 10g<\/p>\n<p>MODO DE USO:<\/p>\n<p>Ap\u00f3s prepara\u00e7\u00e3o com o pincel, aplique uma camada do esmalte em gel nas unhas e leve \u00e0 cabine LED\/UV por no m\u00ednimo 60 segundos para cura. Caso necess\u00e1rio, aplique uma segunda dem\u00e3o. N\u00e3o encostar na cut\u00edcula<\/p>","protected":false},"featured_media":5646,"comment_status":"open","ping_status":"closed","template":"","meta":[],"product_brand":[],"product_cat":[138,147],"product_tag":[],"class_list":{"0":"post-5625","1":"product","2":"type-product","3":"status-publish","4":"has-post-thumbnail","6":"product_cat-anylovy","7":"product_cat-esmaltes-em-gel","9":"first","10":"instock","11":"taxable","12":"shipping-taxable","13":"purchasable","14":"product-type-simple"},"_links":{"self":[{"href":"https:\/\/hcrepresentations.com\/pt\/wp-json\/wp\/v2\/product\/5625","targetHints":{"allow":["GET"]}}],"collection":[{"href":"https:\/\/hcrepresentations.com\/pt\/wp-json\/wp\/v2\/product"}],"about":[{"href":"https:\/\/hcrepresentations.com\/pt\/wp-json\/wp\/v2\/types\/product"}],"replies":[{"embeddable":true,"href":"https:\/\/hcrepresentations.com\/pt\/wp-json\/wp\/v2\/comments?post=5625"}],"wp:featuredmedia":[{"embeddable":true,"href":"https:\/\/hcrepresentations.com\/pt\/wp-json\/wp\/v2\/media\/5646"}],"wp:attachment":[{"href":"https:\/\/hcrepresentations.com\/pt\/wp-json\/wp\/v2\/media?parent=5625"}],"wp:term":[{"taxonomy":"product_brand","embeddable":true,"href":"https:\/\/hcrepresentations.com\/pt\/wp-json\/wp\/v2\/product_brand?post=5625"},{"taxonomy":"product_cat","embeddable":true,"href":"https:\/\/hcrepresentations.com\/pt\/wp-json\/wp\/v2\/product_cat?post=5625"},{"taxonomy":"product_tag","embeddable":true,"href":"https:\/\/hcrepresentations.com\/pt\/wp-json\/wp\/v2\/product_tag?post=5625"}],"curies":[{"name":"wp","href":"https:\/\/api.w.org\/{rel}","templated":true}]}}